{"id":16601,"date":"2024-02-07T13:22:20","date_gmt":"2024-02-07T13:22:20","guid":{"rendered":"https:\/\/kornita.webfactory.lt\/?post_type=product&#038;p=16601"},"modified":"2025-05-19T08:52:04","modified_gmt":"2025-05-19T08:52:04","slug":"kepinti-javainiai-su-sokoladu-375g","status":"publish","type":"product","link":"https:\/\/kornita.lt\/en\/shop\/sausi-pusryciai\/kepinti-javainiai-su-sokoladu-375g\/","title":{"rendered":"Kepinti javainiai su \u0161okoladu, 375g"},"content":{"rendered":"<p><strong>Sudedamosios dalys<\/strong>: <strong>avi\u017e\u0173<\/strong> dribsniai, ekstruduoti javai (<strong>kvie\u010di\u0173<\/strong>, ry\u017ei\u0173 ir <strong>avi\u017e\u0173<\/strong> miltai, cukrus, kukur\u016bz\u0173 kruopos, kukur\u016bz\u0173 krakmolas), cukrus, augalinis aliejus (palmi\u0173), gliukoz\u0117s sirupas, jav\u0173 pagalv\u0117l\u0117s su \u0161okolado \u012fdaru\u00a05% (<strong>kvietiniai\u00a0<\/strong>miltai, ry\u017ei\u0173 miltai, <b>kvie\u010di\u0173\u00a0<\/b>s\u0117lenos, cukrus, augaliniai aliejai (palmi\u0173, sviestmed\u017eio), kakava, kakavos mas\u0117, <strong>pieno<\/strong> milteliai, <strong>i\u0161r\u016bg\u0173<\/strong> milteliai, emulsiklis:\u00a0<strong>soj\u0173<\/strong>\u00a0lecitinas, kvapioji med\u017eiaga), kakavos dro\u017el\u0117s 5% (cukrus, hidrintas augalinis aliejus (palmi\u0173 branduoli\u0173 aliejus), kakavos milteliai, emulsiklis:\u00a0<strong>soj\u0173<\/strong>\u00a0lecitinas, kvapioji med\u017eiaga), <strong>kvie\u010di\u0173 <\/strong>dribsniai, tamsus \u0161okoladas 2,2% (kakavos mas\u0117, cukrus, dekstroz\u0117, emulsiklis: <strong>soj\u0173<\/strong>\u00a0lecitinas), kakava, da\u017eiklis\u00a0E150c, kvapioji med\u017eiaga, nat\u016bralus paprastojo raudon\u0117lio ekstraktas.<\/p>\n<p>Sud\u0117tyje gali b\u016bti <strong>\u017eem\u0117s rie\u0161ut\u0173<\/strong>, <strong>rie\u0161ut\u0173<\/strong> ir <strong>sezamo<\/strong> p\u0117dsak\u0173.<\/p>\n","protected":false},"excerpt":{"rendered":"<p>Sudedamosios dalys: avi\u017e\u0173 dribsniai, ekstruduoti javai (kvie\u010di\u0173, ry\u017ei\u0173 ir avi\u017e\u0173 miltai, cukrus, kukur\u016bz\u0173 kruopos, kukur\u016bz\u0173 krakmolas), cukrus, augalinis aliejus (palmi\u0173),<\/p>\n","protected":false},"featured_media":24917,"comment_status":"open","ping_status":"closed","template":"","meta":[],"product_brand":[],"product_cat":[19],"product_tag":[],"class_list":{"0":"post-16601","1":"product","2":"type-product","3":"status-publish","4":"has-post-thumbnail","6":"product_cat-sausi-pusryciai","7":"product_shipping_class-pristatymas","9":"first","10":"instock","11":"taxable","12":"shipping-taxable","13":"purchasable","14":"product-type-simple"},"aioseo_notices":[],"aioseo_head":"\n\t\t<!-- All in One SEO Pro 4.9.5.2 - aioseo.com -->\n\t<meta name=\"description\" content=\"Sudedamosios dalys: avi\u017e\u0173 dribsniai, ekstruduoti javai (kvie\u010di\u0173, ry\u017ei\u0173 ir avi\u017e\u0173 miltai, cukrus, kukur\u016bz\u0173 kruopos, kukur\u016bz\u0173 krakmolas), cukrus, augalinis aliejus (palmi\u0173), gliukoz\u0117s sirupas, jav\u0173 pagalv\u0117l\u0117s su \u0161okolado \u012fdaru 5% (kvietiniai miltai, ry\u017ei\u0173 miltai, kvie\u010di\u0173 s\u0117lenos, cukrus, augaliniai aliejai (palmi\u0173, sviestmed\u017eio), kakava, kakavos mas\u0117, pieno milteliai, i\u0161r\u016bg\u0173 milteliai, emulsiklis: soj\u0173 lecitinas, kvapioji med\u017eiaga), kakavos dro\u017el\u0117s 5% (cukrus, hidrintas augalinis aliejus (palmi\u0173 branduoli\u0173\" \/>\n\t<meta name=\"robots\" content=\"max-image-preview:large\" \/>\n\t<link rel=\"canonical\" href=\"https:\/\/kornita.lt\/en\/shop\/sausi-pusryciai\/kepinti-javainiai-su-sokoladu-375g\/\" \/>\n\t<meta name=\"generator\" content=\"All in One SEO Pro (AIOSEO) 4.9.5.2\" \/>\n\t\t<meta property=\"og:locale\" content=\"en_US\" \/>\n\t\t<meta property=\"og:site_name\" content=\"kornita -\" \/>\n\t\t<meta property=\"og:type\" content=\"article\" \/>\n\t\t<meta property=\"og:title\" content=\"Kepinti javainiai su \u0161okoladu, 375g - kornita\" \/>\n\t\t<meta property=\"og:description\" content=\"Sudedamosios dalys: avi\u017e\u0173 dribsniai, ekstruduoti javai (kvie\u010di\u0173, ry\u017ei\u0173 ir avi\u017e\u0173 miltai, cukrus, kukur\u016bz\u0173 kruopos, kukur\u016bz\u0173 krakmolas), cukrus, augalinis aliejus (palmi\u0173), gliukoz\u0117s sirupas, jav\u0173 pagalv\u0117l\u0117s su \u0161okolado \u012fdaru 5% (kvietiniai miltai, ry\u017ei\u0173 miltai, kvie\u010di\u0173 s\u0117lenos, cukrus, augaliniai aliejai (palmi\u0173, sviestmed\u017eio), kakava, kakavos mas\u0117, pieno milteliai, i\u0161r\u016bg\u0173 milteliai, emulsiklis: soj\u0173 lecitinas, kvapioji med\u017eiaga), kakavos dro\u017el\u0117s 5% (cukrus, hidrintas augalinis aliejus (palmi\u0173 branduoli\u0173\" \/>\n\t\t<meta property=\"og:url\" content=\"https:\/\/kornita.lt\/en\/shop\/sausi-pusryciai\/kepinti-javainiai-su-sokoladu-375g\/\" \/>\n\t\t<meta property=\"og:image\" content=\"https:\/\/kornita.webfactory.lt\/wp-content\/uploads\/2023\/04\/korni-el-prekyba.png\" \/>\n\t\t<meta property=\"og:image:secure_url\" content=\"https:\/\/kornita.webfactory.lt\/wp-content\/uploads\/2023\/04\/korni-el-prekyba.png\" \/>\n\t\t<meta property=\"article:published_time\" content=\"2024-02-07T13:22:20+00:00\" \/>\n\t\t<meta property=\"article:modified_time\" content=\"2025-05-19T08:52:04+00:00\" \/>\n\t\t<meta property=\"article:publisher\" content=\"https:\/\/www.facebook.com\/kornita.lt\" \/>\n\t\t<meta name=\"twitter:card\" content=\"summary_large_image\" \/>\n\t\t<meta name=\"twitter:title\" content=\"Kepinti javainiai su \u0161okoladu, 375g - kornita\" \/>\n\t\t<meta name=\"twitter:description\" content=\"Sudedamosios dalys: avi\u017e\u0173 dribsniai, ekstruduoti javai (kvie\u010di\u0173, ry\u017ei\u0173 ir avi\u017e\u0173 miltai, cukrus, kukur\u016bz\u0173 kruopos, kukur\u016bz\u0173 krakmolas), cukrus, augalinis aliejus (palmi\u0173), gliukoz\u0117s sirupas, jav\u0173 pagalv\u0117l\u0117s su \u0161okolado \u012fdaru 5% (kvietiniai miltai, ry\u017ei\u0173 miltai, kvie\u010di\u0173 s\u0117lenos, cukrus, augaliniai aliejai (palmi\u0173, sviestmed\u017eio), kakava, kakavos mas\u0117, pieno milteliai, i\u0161r\u016bg\u0173 milteliai, emulsiklis: soj\u0173 lecitinas, kvapioji med\u017eiaga), kakavos dro\u017el\u0117s 5% (cukrus, hidrintas augalinis aliejus (palmi\u0173 branduoli\u0173\" \/>\n\t\t<meta name=\"twitter:image\" content=\"http:\/\/kornita.webfactory.lt\/wp-content\/uploads\/2023\/04\/korni-el-prekyba.png\" \/>\n\t\t<script type=\"application\/ld+json\" class=\"aioseo-schema\">\n\t\t\t{\"@context\":\"https:\\\/\\\/schema.org\",\"@graph\":[{\"@type\":\"BreadcrumbList\",\"@id\":\"https:\\\/\\\/kornita.lt\\\/en\\\/shop\\\/sausi-pusryciai\\\/kepinti-javainiai-su-sokoladu-375g\\\/#breadcrumblist\",\"itemListElement\":[{\"@type\":\"ListItem\",\"@id\":\"https:\\\/\\\/kornita.lt\\\/en\\\/#listItem\",\"position\":1,\"name\":\"Home\",\"item\":\"https:\\\/\\\/kornita.lt\\\/en\\\/\",\"nextItem\":{\"@type\":\"ListItem\",\"@id\":\"https:\\\/\\\/kornita.lt\\\/en\\\/shop-2\\\/#listItem\",\"name\":\"Shop\"}},{\"@type\":\"ListItem\",\"@id\":\"https:\\\/\\\/kornita.lt\\\/en\\\/shop-2\\\/#listItem\",\"position\":2,\"name\":\"Shop\",\"item\":\"https:\\\/\\\/kornita.lt\\\/en\\\/shop-2\\\/\",\"nextItem\":{\"@type\":\"ListItem\",\"@id\":\"https:\\\/\\\/kornita.lt\\\/en\\\/product-category\\\/sausi-pusryciai\\\/#listItem\",\"name\":\"Sausi pusry\\u010diai\"},\"previousItem\":{\"@type\":\"ListItem\",\"@id\":\"https:\\\/\\\/kornita.lt\\\/en\\\/#listItem\",\"name\":\"Home\"}},{\"@type\":\"ListItem\",\"@id\":\"https:\\\/\\\/kornita.lt\\\/en\\\/product-category\\\/sausi-pusryciai\\\/#listItem\",\"position\":3,\"name\":\"Sausi pusry\\u010diai\",\"item\":\"https:\\\/\\\/kornita.lt\\\/en\\\/product-category\\\/sausi-pusryciai\\\/\",\"nextItem\":{\"@type\":\"ListItem\",\"@id\":\"https:\\\/\\\/kornita.lt\\\/en\\\/shop\\\/sausi-pusryciai\\\/kepinti-javainiai-su-sokoladu-375g\\\/#listItem\",\"name\":\"Kepinti javainiai su \\u0161okoladu, 375g\"},\"previousItem\":{\"@type\":\"ListItem\",\"@id\":\"https:\\\/\\\/kornita.lt\\\/en\\\/shop-2\\\/#listItem\",\"name\":\"Shop\"}},{\"@type\":\"ListItem\",\"@id\":\"https:\\\/\\\/kornita.lt\\\/en\\\/shop\\\/sausi-pusryciai\\\/kepinti-javainiai-su-sokoladu-375g\\\/#listItem\",\"position\":4,\"name\":\"Kepinti javainiai su \\u0161okoladu, 375g\",\"previousItem\":{\"@type\":\"ListItem\",\"@id\":\"https:\\\/\\\/kornita.lt\\\/en\\\/product-category\\\/sausi-pusryciai\\\/#listItem\",\"name\":\"Sausi pusry\\u010diai\"}}]},{\"@type\":\"Organization\",\"@id\":\"https:\\\/\\\/kornita.lt\\\/en\\\/#organization\",\"name\":\"kornita\",\"url\":\"https:\\\/\\\/kornita.lt\\\/en\\\/\",\"telephone\":\"+37068581463\",\"logo\":{\"@type\":\"ImageObject\",\"url\":\"http:\\\/\\\/kornita.webfactory.lt\\\/wp-content\\\/uploads\\\/2023\\\/04\\\/korni-el-prekyba.png\",\"@id\":\"https:\\\/\\\/kornita.lt\\\/en\\\/shop\\\/sausi-pusryciai\\\/kepinti-javainiai-su-sokoladu-375g\\\/#organizationLogo\"},\"image\":{\"@id\":\"https:\\\/\\\/kornita.lt\\\/en\\\/shop\\\/sausi-pusryciai\\\/kepinti-javainiai-su-sokoladu-375g\\\/#organizationLogo\"},\"sameAs\":[\"https:\\\/\\\/www.facebook.com\\\/kornita.lt\"]},{\"@type\":\"Product\",\"@id\":\"https:\\\/\\\/kornita.lt\\\/en\\\/shop\\\/sausi-pusryciai\\\/kepinti-javainiai-su-sokoladu-375g\\\/#wooCommerceProduct\",\"name\":\"Kepinti javainiai su \\u0161okoladu, 375g\",\"url\":\"https:\\\/\\\/kornita.lt\\\/en\\\/shop\\\/sausi-pusryciai\\\/kepinti-javainiai-su-sokoladu-375g\\\/\",\"sku\":\"8595564502180\",\"image\":{\"@type\":\"ImageObject\",\"url\":\"https:\\\/\\\/kornita.lt\\\/wp-content\\\/uploads\\\/2024\\\/02\\\/musli-s-cokoladou-375g.jpg\",\"@id\":\"https:\\\/\\\/kornita.lt\\\/en\\\/shop\\\/sausi-pusryciai\\\/kepinti-javainiai-su-sokoladu-375g\\\/#productImage\",\"width\":1000,\"height\":1000},\"offers\":{\"@type\":\"Offer\",\"url\":\"https:\\\/\\\/kornita.lt\\\/en\\\/shop\\\/sausi-pusryciai\\\/kepinti-javainiai-su-sokoladu-375g\\\/#wooCommerceOffer\",\"price\":2.09,\"priceCurrency\":\"EUR\",\"category\":\"Sausi pusry\\u010diai\",\"availability\":\"https:\\\/\\\/schema.org\\\/InStock\",\"priceSpecification\":{\"@type\":\"PriceSpecification\",\"price\":2.09,\"priceCurrency\":\"EUR\",\"valueAddedTaxIncluded\":\"true\"},\"seller\":{\"@type\":\"Organization\",\"@id\":\"https:\\\/\\\/kornita.lt\\\/en\\\/#organization\"}}},{\"@type\":\"WebPage\",\"@id\":\"https:\\\/\\\/kornita.lt\\\/en\\\/shop\\\/sausi-pusryciai\\\/kepinti-javainiai-su-sokoladu-375g\\\/#webpage\",\"url\":\"https:\\\/\\\/kornita.lt\\\/en\\\/shop\\\/sausi-pusryciai\\\/kepinti-javainiai-su-sokoladu-375g\\\/\",\"name\":\"Kepinti javainiai su \\u0161okoladu, 375g - kornita\",\"description\":\"Sudedamosios dalys: avi\\u017e\\u0173 dribsniai, ekstruduoti javai (kvie\\u010di\\u0173, ry\\u017ei\\u0173 ir avi\\u017e\\u0173 miltai, cukrus, kukur\\u016bz\\u0173 kruopos, kukur\\u016bz\\u0173 krakmolas), cukrus, augalinis aliejus (palmi\\u0173), gliukoz\\u0117s sirupas, jav\\u0173 pagalv\\u0117l\\u0117s su \\u0161okolado \\u012fdaru 5% (kvietiniai miltai, ry\\u017ei\\u0173 miltai, kvie\\u010di\\u0173 s\\u0117lenos, cukrus, augaliniai aliejai (palmi\\u0173, sviestmed\\u017eio), kakava, kakavos mas\\u0117, pieno milteliai, i\\u0161r\\u016bg\\u0173 milteliai, emulsiklis: soj\\u0173 lecitinas, kvapioji med\\u017eiaga), kakavos dro\\u017el\\u0117s 5% (cukrus, hidrintas augalinis aliejus (palmi\\u0173 branduoli\\u0173\",\"inLanguage\":\"en-US\",\"isPartOf\":{\"@id\":\"https:\\\/\\\/kornita.lt\\\/en\\\/#website\"},\"breadcrumb\":{\"@id\":\"https:\\\/\\\/kornita.lt\\\/en\\\/shop\\\/sausi-pusryciai\\\/kepinti-javainiai-su-sokoladu-375g\\\/#breadcrumblist\"},\"image\":{\"@type\":\"ImageObject\",\"url\":\"https:\\\/\\\/kornita.lt\\\/wp-content\\\/uploads\\\/2024\\\/02\\\/musli-s-cokoladou-375g.jpg\",\"@id\":\"https:\\\/\\\/kornita.lt\\\/en\\\/shop\\\/sausi-pusryciai\\\/kepinti-javainiai-su-sokoladu-375g\\\/#mainImage\",\"width\":1000,\"height\":1000},\"primaryImageOfPage\":{\"@id\":\"https:\\\/\\\/kornita.lt\\\/en\\\/shop\\\/sausi-pusryciai\\\/kepinti-javainiai-su-sokoladu-375g\\\/#mainImage\"},\"datePublished\":\"2024-02-07T13:22:20+00:00\",\"dateModified\":\"2025-05-19T08:52:04+00:00\"},{\"@type\":\"WebSite\",\"@id\":\"https:\\\/\\\/kornita.lt\\\/en\\\/#website\",\"url\":\"https:\\\/\\\/kornita.lt\\\/en\\\/\",\"name\":\"kornita\",\"inLanguage\":\"en-US\",\"publisher\":{\"@id\":\"https:\\\/\\\/kornita.lt\\\/en\\\/#organization\"}}]}\n\t\t<\/script>\n\t\t<!-- All in One SEO Pro -->\r\n\t\t<title>Kepinti javainiai su \u0161okoladu, 375g - kornita<\/title>\n\n","aioseo_head_json":{"title":"Kepinti javainiai su \u0161okoladu, 375g - kornita","description":"Sudedamosios dalys: avi\u017e\u0173 dribsniai, ekstruduoti javai (kvie\u010di\u0173, ry\u017ei\u0173 ir avi\u017e\u0173 miltai, cukrus, kukur\u016bz\u0173 kruopos, kukur\u016bz\u0173 krakmolas), cukrus, augalinis aliejus (palmi\u0173), gliukoz\u0117s sirupas, jav\u0173 pagalv\u0117l\u0117s su \u0161okolado \u012fdaru 5% (kvietiniai miltai, ry\u017ei\u0173 miltai, kvie\u010di\u0173 s\u0117lenos, cukrus, augaliniai aliejai (palmi\u0173, sviestmed\u017eio), kakava, kakavos mas\u0117, pieno milteliai, i\u0161r\u016bg\u0173 milteliai, emulsiklis: soj\u0173 lecitinas, kvapioji med\u017eiaga), kakavos dro\u017el\u0117s 5% (cukrus, hidrintas augalinis aliejus (palmi\u0173 branduoli\u0173","canonical_url":"https:\/\/kornita.lt\/en\/shop\/sausi-pusryciai\/kepinti-javainiai-su-sokoladu-375g\/","robots":"max-image-preview:large","keywords":"","webmasterTools":{"miscellaneous":""},"schema":{"@context":"https:\/\/schema.org","@graph":[{"@type":"BreadcrumbList","@id":"https:\/\/kornita.lt\/en\/shop\/sausi-pusryciai\/kepinti-javainiai-su-sokoladu-375g\/#breadcrumblist","itemListElement":[{"@type":"ListItem","@id":"https:\/\/kornita.lt\/en\/#listItem","position":1,"name":"Home","item":"https:\/\/kornita.lt\/en\/","nextItem":{"@type":"ListItem","@id":"https:\/\/kornita.lt\/en\/shop-2\/#listItem","name":"Shop"}},{"@type":"ListItem","@id":"https:\/\/kornita.lt\/en\/shop-2\/#listItem","position":2,"name":"Shop","item":"https:\/\/kornita.lt\/en\/shop-2\/","nextItem":{"@type":"ListItem","@id":"https:\/\/kornita.lt\/en\/product-category\/sausi-pusryciai\/#listItem","name":"Sausi pusry\u010diai"},"previousItem":{"@type":"ListItem","@id":"https:\/\/kornita.lt\/en\/#listItem","name":"Home"}},{"@type":"ListItem","@id":"https:\/\/kornita.lt\/en\/product-category\/sausi-pusryciai\/#listItem","position":3,"name":"Sausi pusry\u010diai","item":"https:\/\/kornita.lt\/en\/product-category\/sausi-pusryciai\/","nextItem":{"@type":"ListItem","@id":"https:\/\/kornita.lt\/en\/shop\/sausi-pusryciai\/kepinti-javainiai-su-sokoladu-375g\/#listItem","name":"Kepinti javainiai su \u0161okoladu, 375g"},"previousItem":{"@type":"ListItem","@id":"https:\/\/kornita.lt\/en\/shop-2\/#listItem","name":"Shop"}},{"@type":"ListItem","@id":"https:\/\/kornita.lt\/en\/shop\/sausi-pusryciai\/kepinti-javainiai-su-sokoladu-375g\/#listItem","position":4,"name":"Kepinti javainiai su \u0161okoladu, 375g","previousItem":{"@type":"ListItem","@id":"https:\/\/kornita.lt\/en\/product-category\/sausi-pusryciai\/#listItem","name":"Sausi pusry\u010diai"}}]},{"@type":"Organization","@id":"https:\/\/kornita.lt\/en\/#organization","name":"kornita","url":"https:\/\/kornita.lt\/en\/","telephone":"+37068581463","logo":{"@type":"ImageObject","url":"http:\/\/kornita.webfactory.lt\/wp-content\/uploads\/2023\/04\/korni-el-prekyba.png","@id":"https:\/\/kornita.lt\/en\/shop\/sausi-pusryciai\/kepinti-javainiai-su-sokoladu-375g\/#organizationLogo"},"image":{"@id":"https:\/\/kornita.lt\/en\/shop\/sausi-pusryciai\/kepinti-javainiai-su-sokoladu-375g\/#organizationLogo"},"sameAs":["https:\/\/www.facebook.com\/kornita.lt"]},{"@type":"Product","@id":"https:\/\/kornita.lt\/en\/shop\/sausi-pusryciai\/kepinti-javainiai-su-sokoladu-375g\/#wooCommerceProduct","name":"Kepinti javainiai su \u0161okoladu, 375g","url":"https:\/\/kornita.lt\/en\/shop\/sausi-pusryciai\/kepinti-javainiai-su-sokoladu-375g\/","sku":"8595564502180","image":{"@type":"ImageObject","url":"https:\/\/kornita.lt\/wp-content\/uploads\/2024\/02\/musli-s-cokoladou-375g.jpg","@id":"https:\/\/kornita.lt\/en\/shop\/sausi-pusryciai\/kepinti-javainiai-su-sokoladu-375g\/#productImage","width":1000,"height":1000},"offers":{"@type":"Offer","url":"https:\/\/kornita.lt\/en\/shop\/sausi-pusryciai\/kepinti-javainiai-su-sokoladu-375g\/#wooCommerceOffer","price":2.09,"priceCurrency":"EUR","category":"Sausi pusry\u010diai","availability":"https:\/\/schema.org\/InStock","priceSpecification":{"@type":"PriceSpecification","price":2.09,"priceCurrency":"EUR","valueAddedTaxIncluded":"true"},"seller":{"@type":"Organization","@id":"https:\/\/kornita.lt\/en\/#organization"}}},{"@type":"WebPage","@id":"https:\/\/kornita.lt\/en\/shop\/sausi-pusryciai\/kepinti-javainiai-su-sokoladu-375g\/#webpage","url":"https:\/\/kornita.lt\/en\/shop\/sausi-pusryciai\/kepinti-javainiai-su-sokoladu-375g\/","name":"Kepinti javainiai su \u0161okoladu, 375g - kornita","description":"Sudedamosios dalys: avi\u017e\u0173 dribsniai, ekstruduoti javai (kvie\u010di\u0173, ry\u017ei\u0173 ir avi\u017e\u0173 miltai, cukrus, kukur\u016bz\u0173 kruopos, kukur\u016bz\u0173 krakmolas), cukrus, augalinis aliejus (palmi\u0173), gliukoz\u0117s sirupas, jav\u0173 pagalv\u0117l\u0117s su \u0161okolado \u012fdaru 5% (kvietiniai miltai, ry\u017ei\u0173 miltai, kvie\u010di\u0173 s\u0117lenos, cukrus, augaliniai aliejai (palmi\u0173, sviestmed\u017eio), kakava, kakavos mas\u0117, pieno milteliai, i\u0161r\u016bg\u0173 milteliai, emulsiklis: soj\u0173 lecitinas, kvapioji med\u017eiaga), kakavos dro\u017el\u0117s 5% (cukrus, hidrintas augalinis aliejus (palmi\u0173 branduoli\u0173","inLanguage":"en-US","isPartOf":{"@id":"https:\/\/kornita.lt\/en\/#website"},"breadcrumb":{"@id":"https:\/\/kornita.lt\/en\/shop\/sausi-pusryciai\/kepinti-javainiai-su-sokoladu-375g\/#breadcrumblist"},"image":{"@type":"ImageObject","url":"https:\/\/kornita.lt\/wp-content\/uploads\/2024\/02\/musli-s-cokoladou-375g.jpg","@id":"https:\/\/kornita.lt\/en\/shop\/sausi-pusryciai\/kepinti-javainiai-su-sokoladu-375g\/#mainImage","width":1000,"height":1000},"primaryImageOfPage":{"@id":"https:\/\/kornita.lt\/en\/shop\/sausi-pusryciai\/kepinti-javainiai-su-sokoladu-375g\/#mainImage"},"datePublished":"2024-02-07T13:22:20+00:00","dateModified":"2025-05-19T08:52:04+00:00"},{"@type":"WebSite","@id":"https:\/\/kornita.lt\/en\/#website","url":"https:\/\/kornita.lt\/en\/","name":"kornita","inLanguage":"en-US","publisher":{"@id":"https:\/\/kornita.lt\/en\/#organization"}}]},"og:locale":"en_US","og:site_name":"kornita -","og:type":"article","og:title":"Kepinti javainiai su \u0161okoladu, 375g - kornita","og:description":"Sudedamosios dalys: avi\u017e\u0173 dribsniai, ekstruduoti javai (kvie\u010di\u0173, ry\u017ei\u0173 ir avi\u017e\u0173 miltai, cukrus, kukur\u016bz\u0173 kruopos, kukur\u016bz\u0173 krakmolas), cukrus, augalinis aliejus (palmi\u0173), gliukoz\u0117s sirupas, jav\u0173 pagalv\u0117l\u0117s su \u0161okolado \u012fdaru 5% (kvietiniai miltai, ry\u017ei\u0173 miltai, kvie\u010di\u0173 s\u0117lenos, cukrus, augaliniai aliejai (palmi\u0173, sviestmed\u017eio), kakava, kakavos mas\u0117, pieno milteliai, i\u0161r\u016bg\u0173 milteliai, emulsiklis: soj\u0173 lecitinas, kvapioji med\u017eiaga), kakavos dro\u017el\u0117s 5% (cukrus, hidrintas augalinis aliejus (palmi\u0173 branduoli\u0173","og:url":"https:\/\/kornita.lt\/en\/shop\/sausi-pusryciai\/kepinti-javainiai-su-sokoladu-375g\/","og:image":"https:\/\/kornita.webfactory.lt\/wp-content\/uploads\/2023\/04\/korni-el-prekyba.png","og:image:secure_url":"https:\/\/kornita.webfactory.lt\/wp-content\/uploads\/2023\/04\/korni-el-prekyba.png","article:published_time":"2024-02-07T13:22:20+00:00","article:modified_time":"2025-05-19T08:52:04+00:00","article:publisher":"https:\/\/www.facebook.com\/kornita.lt","twitter:card":"summary_large_image","twitter:title":"Kepinti javainiai su \u0161okoladu, 375g - kornita","twitter:description":"Sudedamosios dalys: avi\u017e\u0173 dribsniai, ekstruduoti javai (kvie\u010di\u0173, ry\u017ei\u0173 ir avi\u017e\u0173 miltai, cukrus, kukur\u016bz\u0173 kruopos, kukur\u016bz\u0173 krakmolas), cukrus, augalinis aliejus (palmi\u0173), gliukoz\u0117s sirupas, jav\u0173 pagalv\u0117l\u0117s su \u0161okolado \u012fdaru 5% (kvietiniai miltai, ry\u017ei\u0173 miltai, kvie\u010di\u0173 s\u0117lenos, cukrus, augaliniai aliejai (palmi\u0173, sviestmed\u017eio), kakava, kakavos mas\u0117, pieno milteliai, i\u0161r\u016bg\u0173 milteliai, emulsiklis: soj\u0173 lecitinas, kvapioji med\u017eiaga), kakavos dro\u017el\u0117s 5% (cukrus, hidrintas augalinis aliejus (palmi\u0173 branduoli\u0173","twitter:image":"http:\/\/kornita.webfactory.lt\/wp-content\/uploads\/2023\/04\/korni-el-prekyba.png"},"aioseo_meta_data":{"post_id":"16601","title":null,"description":null,"keywords":null,"keyphrases":{"focus":{"keyphrase":"","score":0,"analysis":{"keyphraseInTitle":{"score":0,"maxScore":9,"error":1}}},"additional":[]},"primary_term":null,"canonical_url":null,"og_title":null,"og_description":null,"og_object_type":"default","og_image_type":"default","og_image_url":null,"og_image_width":null,"og_image_height":null,"og_image_custom_url":null,"og_image_custom_fields":null,"og_video":"","og_custom_url":null,"og_article_section":null,"og_article_tags":null,"twitter_use_og":false,"twitter_card":"default","twitter_image_type":"default","twitter_image_url":null,"twitter_image_custom_url":null,"twitter_image_custom_fields":null,"twitter_title":null,"twitter_description":null,"schema":{"blockGraphs":[],"customGraphs":[],"default":{"data":{"Article":[],"Course":[],"Dataset":[],"FAQPage":[],"Movie":[],"Person":[],"Product":[],"ProductReview":[],"Car":[],"Recipe":[],"Service":[],"SoftwareApplication":[],"WebPage":[]},"graphName":"ItemPage","isEnabled":true},"graphs":[]},"schema_type":"default","schema_type_options":null,"pillar_content":false,"robots_default":true,"robots_noindex":false,"robots_noarchive":false,"robots_nosnippet":false,"robots_nofollow":false,"robots_noimageindex":false,"robots_noodp":false,"robots_notranslate":false,"robots_max_snippet":"-1","robots_max_videopreview":"-1","robots_max_imagepreview":"large","priority":null,"frequency":"default","local_seo":null,"seo_analyzer_scan_date":"2025-10-09 00:43:59","breadcrumb_settings":null,"limit_modified_date":false,"open_ai":"{\"title\":{\"suggestions\":[],\"usage\":0},\"description\":{\"suggestions\":[],\"usage\":0}}","ai":null,"created":"2024-02-07 13:22:27","updated":"2025-11-26 23:34:03"},"aioseo_breadcrumb":"<div class=\"aioseo-breadcrumbs\"><span class=\"aioseo-breadcrumb\">\n\t<a href=\"https:\/\/kornita.lt\/en\/\" title=\"Home\">Home<\/a>\n<\/span><span class=\"aioseo-breadcrumb-separator\">&raquo;<\/span><span class=\"aioseo-breadcrumb\">\n\t<a href=\"https:\/\/kornita.lt\/en\/shop-2\/\" title=\"Shop\">Shop<\/a>\n<\/span><span class=\"aioseo-breadcrumb-separator\">&raquo;<\/span><span class=\"aioseo-breadcrumb\">\n\t<a href=\"https:\/\/kornita.lt\/en\/product-category\/sausi-pusryciai\/\" title=\"Sausi pusry\u010diai\">Sausi pusry\u010diai<\/a>\n<\/span><span class=\"aioseo-breadcrumb-separator\">&raquo;<\/span><span class=\"aioseo-breadcrumb\">\n\tKepinti javainiai su \u0161okoladu, 375g\n<\/span><\/div>","aioseo_breadcrumb_json":[{"label":"Home","link":"https:\/\/kornita.lt\/en\/"},{"label":"Shop","link":"https:\/\/kornita.lt\/en\/shop-2\/"},{"label":"Sausi pusry\u010diai","link":"https:\/\/kornita.lt\/en\/product-category\/sausi-pusryciai\/"},{"label":"Kepinti javainiai su \u0161okoladu, 375g","link":"https:\/\/kornita.lt\/en\/shop\/sausi-pusryciai\/kepinti-javainiai-su-sokoladu-375g\/"}],"_links":{"self":[{"href":"https:\/\/kornita.lt\/en\/wp-json\/wp\/v2\/product\/16601","targetHints":{"allow":["GET"]}}],"collection":[{"href":"https:\/\/kornita.lt\/en\/wp-json\/wp\/v2\/product"}],"about":[{"href":"https:\/\/kornita.lt\/en\/wp-json\/wp\/v2\/types\/product"}],"replies":[{"embeddable":true,"href":"https:\/\/kornita.lt\/en\/wp-json\/wp\/v2\/comments?post=16601"}],"version-history":[{"count":1,"href":"https:\/\/kornita.lt\/en\/wp-json\/wp\/v2\/product\/16601\/revisions"}],"predecessor-version":[{"id":24919,"href":"https:\/\/kornita.lt\/en\/wp-json\/wp\/v2\/product\/16601\/revisions\/24919"}],"wp:featuredmedia":[{"embeddable":true,"href":"https:\/\/kornita.lt\/en\/wp-json\/wp\/v2\/media\/24917"}],"wp:attachment":[{"href":"https:\/\/kornita.lt\/en\/wp-json\/wp\/v2\/media?parent=16601"}],"wp:term":[{"taxonomy":"product_brand","embeddable":true,"href":"https:\/\/kornita.lt\/en\/wp-json\/wp\/v2\/product_brand?post=16601"},{"taxonomy":"product_cat","embeddable":true,"href":"https:\/\/kornita.lt\/en\/wp-json\/wp\/v2\/product_cat?post=16601"},{"taxonomy":"product_tag","embeddable":true,"href":"https:\/\/kornita.lt\/en\/wp-json\/wp\/v2\/product_tag?post=16601"}],"curies":[{"name":"wp","href":"https:\/\/api.w.org\/{rel}","templated":true}]}}