{"id":16577,"date":"2024-02-07T13:22:16","date_gmt":"2024-02-07T13:22:16","guid":{"rendered":"https:\/\/kornita.webfactory.lt\/?post_type=product&#038;p=16577"},"modified":"2025-05-26T13:41:36","modified_gmt":"2025-05-26T13:41:36","slug":"vorcesterio-padazas-175-ml","status":"publish","type":"product","link":"https:\/\/kornita.lt\/en\/shop\/padazai\/vorcesterio-padazas-175-ml\/","title":{"rendered":"Vor\u010desterio pada\u017eas, 175 ml."},"content":{"rendered":"<p>Sudedamosios dalys: vanduo, fermentuotas actas, cukrus, druska, baltasis vynas, perdirbti vaisiai (slyvos, cukrus), prieskoni\u0173 mi\u0161inys, pomidor\u0173 pasta, svog\u016bn\u0173 ekstraktas, kvapiosios med\u017eiagos, da\u017eiklis: sulfitin\u0117 amoniakin\u0117 karamel\u0117.<br \/>\nGaminio sud\u0117tyje gali b\u016bti glitimo turin\u010di\u0173 jav\u0173 (kvie\u010di\u0173), kiau\u0161ini\u0173, pieno (su laktoze), soj\u0173, salier\u0173, garsty\u010di\u0173 ir \u017eem\u0117s rie\u0161ut\u0173 p\u0117dsak\u0173. Laikyti u\u017edaryt\u0105 pakuot\u0119 tamsioje vietoje.<\/p>\n","protected":false},"excerpt":{"rendered":"<p>Skystas pagardas tro\u0161kiniams, dar\u017eov\u0117ms, pada\u017eams, marinatams, m\u0117sai, \u017euviai, kepimui orkait\u0117je ir ant groteli\u0173.<\/p>\n<p>&nbsp;<\/p>\n","protected":false},"featured_media":23930,"comment_status":"open","ping_status":"closed","template":"","meta":[],"product_brand":[],"product_cat":[203],"product_tag":[],"class_list":{"0":"post-16577","1":"product","2":"type-product","3":"status-publish","4":"has-post-thumbnail","6":"product_cat-padazai","7":"product_shipping_class-pristatymas","9":"first","10":"instock","11":"taxable","12":"shipping-taxable","13":"purchasable","14":"product-type-simple"},"aioseo_notices":[],"aioseo_head":"\n\t\t<!-- All in One SEO Pro 4.9.5.2 - aioseo.com -->\n\t<meta name=\"description\" content=\"Skystas pagardas tro\u0161kiniams, dar\u017eov\u0117ms, pada\u017eams, marinatams, m\u0117sai, \u017euviai, kepimui orkait\u0117je ir ant groteli\u0173.\" \/>\n\t<meta name=\"robots\" content=\"max-image-preview:large\" \/>\n\t<link rel=\"canonical\" href=\"https:\/\/kornita.lt\/en\/shop\/padazai\/vorcesterio-padazas-175-ml\/\" \/>\n\t<meta name=\"generator\" content=\"All in One SEO Pro (AIOSEO) 4.9.5.2\" \/>\n\t\t<meta property=\"og:locale\" content=\"en_US\" \/>\n\t\t<meta property=\"og:site_name\" content=\"kornita -\" \/>\n\t\t<meta property=\"og:type\" content=\"article\" \/>\n\t\t<meta property=\"og:title\" content=\"Vor\u010desterio pada\u017eas, 175 ml. - kornita\" \/>\n\t\t<meta property=\"og:description\" content=\"Skystas pagardas tro\u0161kiniams, dar\u017eov\u0117ms, pada\u017eams, marinatams, m\u0117sai, \u017euviai, kepimui orkait\u0117je ir ant groteli\u0173.\" \/>\n\t\t<meta property=\"og:url\" content=\"https:\/\/kornita.lt\/en\/shop\/padazai\/vorcesterio-padazas-175-ml\/\" \/>\n\t\t<meta property=\"og:image\" content=\"https:\/\/kornita.webfactory.lt\/wp-content\/uploads\/2023\/04\/korni-el-prekyba.png\" \/>\n\t\t<meta property=\"og:image:secure_url\" content=\"https:\/\/kornita.webfactory.lt\/wp-content\/uploads\/2023\/04\/korni-el-prekyba.png\" \/>\n\t\t<meta property=\"article:published_time\" content=\"2024-02-07T13:22:16+00:00\" \/>\n\t\t<meta property=\"article:modified_time\" content=\"2025-05-26T13:41:36+00:00\" \/>\n\t\t<meta property=\"article:publisher\" content=\"https:\/\/www.facebook.com\/kornita.lt\" \/>\n\t\t<meta name=\"twitter:card\" content=\"summary_large_image\" \/>\n\t\t<meta name=\"twitter:title\" content=\"Vor\u010desterio pada\u017eas, 175 ml. - kornita\" \/>\n\t\t<meta name=\"twitter:description\" content=\"Skystas pagardas tro\u0161kiniams, dar\u017eov\u0117ms, pada\u017eams, marinatams, m\u0117sai, \u017euviai, kepimui orkait\u0117je ir ant groteli\u0173.\" \/>\n\t\t<meta name=\"twitter:image\" content=\"http:\/\/kornita.webfactory.lt\/wp-content\/uploads\/2023\/04\/korni-el-prekyba.png\" \/>\n\t\t<script type=\"application\/ld+json\" class=\"aioseo-schema\">\n\t\t\t{\"@context\":\"https:\\\/\\\/schema.org\",\"@graph\":[{\"@type\":\"BreadcrumbList\",\"@id\":\"https:\\\/\\\/kornita.lt\\\/en\\\/shop\\\/padazai\\\/vorcesterio-padazas-175-ml\\\/#breadcrumblist\",\"itemListElement\":[{\"@type\":\"ListItem\",\"@id\":\"https:\\\/\\\/kornita.lt\\\/en\\\/#listItem\",\"position\":1,\"name\":\"Home\",\"item\":\"https:\\\/\\\/kornita.lt\\\/en\\\/\",\"nextItem\":{\"@type\":\"ListItem\",\"@id\":\"https:\\\/\\\/kornita.lt\\\/en\\\/shop-2\\\/#listItem\",\"name\":\"Shop\"}},{\"@type\":\"ListItem\",\"@id\":\"https:\\\/\\\/kornita.lt\\\/en\\\/shop-2\\\/#listItem\",\"position\":2,\"name\":\"Shop\",\"item\":\"https:\\\/\\\/kornita.lt\\\/en\\\/shop-2\\\/\",\"nextItem\":{\"@type\":\"ListItem\",\"@id\":\"https:\\\/\\\/kornita.lt\\\/en\\\/product-category\\\/padazai\\\/#listItem\",\"name\":\"Pada\\u017eai\"},\"previousItem\":{\"@type\":\"ListItem\",\"@id\":\"https:\\\/\\\/kornita.lt\\\/en\\\/#listItem\",\"name\":\"Home\"}},{\"@type\":\"ListItem\",\"@id\":\"https:\\\/\\\/kornita.lt\\\/en\\\/product-category\\\/padazai\\\/#listItem\",\"position\":3,\"name\":\"Pada\\u017eai\",\"item\":\"https:\\\/\\\/kornita.lt\\\/en\\\/product-category\\\/padazai\\\/\",\"nextItem\":{\"@type\":\"ListItem\",\"@id\":\"https:\\\/\\\/kornita.lt\\\/en\\\/shop\\\/padazai\\\/vorcesterio-padazas-175-ml\\\/#listItem\",\"name\":\"Vor\\u010desterio pada\\u017eas, 175 ml.\"},\"previousItem\":{\"@type\":\"ListItem\",\"@id\":\"https:\\\/\\\/kornita.lt\\\/en\\\/shop-2\\\/#listItem\",\"name\":\"Shop\"}},{\"@type\":\"ListItem\",\"@id\":\"https:\\\/\\\/kornita.lt\\\/en\\\/shop\\\/padazai\\\/vorcesterio-padazas-175-ml\\\/#listItem\",\"position\":4,\"name\":\"Vor\\u010desterio pada\\u017eas, 175 ml.\",\"previousItem\":{\"@type\":\"ListItem\",\"@id\":\"https:\\\/\\\/kornita.lt\\\/en\\\/product-category\\\/padazai\\\/#listItem\",\"name\":\"Pada\\u017eai\"}}]},{\"@type\":\"Organization\",\"@id\":\"https:\\\/\\\/kornita.lt\\\/en\\\/#organization\",\"name\":\"kornita\",\"url\":\"https:\\\/\\\/kornita.lt\\\/en\\\/\",\"telephone\":\"+37068581463\",\"logo\":{\"@type\":\"ImageObject\",\"url\":\"http:\\\/\\\/kornita.webfactory.lt\\\/wp-content\\\/uploads\\\/2023\\\/04\\\/korni-el-prekyba.png\",\"@id\":\"https:\\\/\\\/kornita.lt\\\/en\\\/shop\\\/padazai\\\/vorcesterio-padazas-175-ml\\\/#organizationLogo\"},\"image\":{\"@id\":\"https:\\\/\\\/kornita.lt\\\/en\\\/shop\\\/padazai\\\/vorcesterio-padazas-175-ml\\\/#organizationLogo\"},\"sameAs\":[\"https:\\\/\\\/www.facebook.com\\\/kornita.lt\"]},{\"@type\":\"Product\",\"@id\":\"https:\\\/\\\/kornita.lt\\\/en\\\/shop\\\/padazai\\\/vorcesterio-padazas-175-ml\\\/#wooCommerceProduct\",\"name\":\"Vor\\u010desterio pada\\u017eas, 175 ml.\",\"description\":\"Skystas pagardas tro\\u0161kiniams, dar\\u017eov\\u0117ms, pada\\u017eams, marinatams, m\\u0117sai, \\u017euviai, kepimui orkait\\u0117je ir ant groteli\\u0173.\\r\\n\\r\\n&nbsp;\",\"url\":\"https:\\\/\\\/kornita.lt\\\/en\\\/shop\\\/padazai\\\/vorcesterio-padazas-175-ml\\\/\",\"sku\":\"8594009166697\",\"image\":{\"@type\":\"ImageObject\",\"url\":\"https:\\\/\\\/kornita.lt\\\/wp-content\\\/uploads\\\/2024\\\/02\\\/3D-Worcesterinternet.jpg\",\"@id\":\"https:\\\/\\\/kornita.lt\\\/en\\\/shop\\\/padazai\\\/vorcesterio-padazas-175-ml\\\/#productImage\",\"width\":820,\"height\":1706},\"offers\":{\"@type\":\"Offer\",\"url\":\"https:\\\/\\\/kornita.lt\\\/en\\\/shop\\\/padazai\\\/vorcesterio-padazas-175-ml\\\/#wooCommerceOffer\",\"price\":0.85,\"priceCurrency\":\"EUR\",\"category\":\"Pada\\u017eai\",\"availability\":\"https:\\\/\\\/schema.org\\\/InStock\",\"priceSpecification\":{\"@type\":\"PriceSpecification\",\"price\":0.85,\"priceCurrency\":\"EUR\",\"valueAddedTaxIncluded\":\"true\"},\"seller\":{\"@type\":\"Organization\",\"@id\":\"https:\\\/\\\/kornita.lt\\\/en\\\/#organization\"}}},{\"@type\":\"WebPage\",\"@id\":\"https:\\\/\\\/kornita.lt\\\/en\\\/shop\\\/padazai\\\/vorcesterio-padazas-175-ml\\\/#webpage\",\"url\":\"https:\\\/\\\/kornita.lt\\\/en\\\/shop\\\/padazai\\\/vorcesterio-padazas-175-ml\\\/\",\"name\":\"Vor\\u010desterio pada\\u017eas, 175 ml. - kornita\",\"description\":\"Skystas pagardas tro\\u0161kiniams, dar\\u017eov\\u0117ms, pada\\u017eams, marinatams, m\\u0117sai, \\u017euviai, kepimui orkait\\u0117je ir ant groteli\\u0173.\",\"inLanguage\":\"en-US\",\"isPartOf\":{\"@id\":\"https:\\\/\\\/kornita.lt\\\/en\\\/#website\"},\"breadcrumb\":{\"@id\":\"https:\\\/\\\/kornita.lt\\\/en\\\/shop\\\/padazai\\\/vorcesterio-padazas-175-ml\\\/#breadcrumblist\"},\"image\":{\"@type\":\"ImageObject\",\"url\":\"https:\\\/\\\/kornita.lt\\\/wp-content\\\/uploads\\\/2024\\\/02\\\/3D-Worcesterinternet.jpg\",\"@id\":\"https:\\\/\\\/kornita.lt\\\/en\\\/shop\\\/padazai\\\/vorcesterio-padazas-175-ml\\\/#mainImage\",\"width\":820,\"height\":1706},\"primaryImageOfPage\":{\"@id\":\"https:\\\/\\\/kornita.lt\\\/en\\\/shop\\\/padazai\\\/vorcesterio-padazas-175-ml\\\/#mainImage\"},\"datePublished\":\"2024-02-07T13:22:16+00:00\",\"dateModified\":\"2025-05-26T13:41:36+00:00\"},{\"@type\":\"WebSite\",\"@id\":\"https:\\\/\\\/kornita.lt\\\/en\\\/#website\",\"url\":\"https:\\\/\\\/kornita.lt\\\/en\\\/\",\"name\":\"kornita\",\"inLanguage\":\"en-US\",\"publisher\":{\"@id\":\"https:\\\/\\\/kornita.lt\\\/en\\\/#organization\"}}]}\n\t\t<\/script>\n\t\t<!-- All in One SEO Pro -->\r\n\t\t<title>Vor\u010desterio pada\u017eas, 175 ml. - kornita<\/title>\n\n","aioseo_head_json":{"title":"Vor\u010desterio pada\u017eas, 175 ml. - kornita","description":"Skystas pagardas tro\u0161kiniams, dar\u017eov\u0117ms, pada\u017eams, marinatams, m\u0117sai, \u017euviai, kepimui orkait\u0117je ir ant groteli\u0173.","canonical_url":"https:\/\/kornita.lt\/en\/shop\/padazai\/vorcesterio-padazas-175-ml\/","robots":"max-image-preview:large","keywords":"","webmasterTools":{"miscellaneous":""},"schema":{"@context":"https:\/\/schema.org","@graph":[{"@type":"BreadcrumbList","@id":"https:\/\/kornita.lt\/en\/shop\/padazai\/vorcesterio-padazas-175-ml\/#breadcrumblist","itemListElement":[{"@type":"ListItem","@id":"https:\/\/kornita.lt\/en\/#listItem","position":1,"name":"Home","item":"https:\/\/kornita.lt\/en\/","nextItem":{"@type":"ListItem","@id":"https:\/\/kornita.lt\/en\/shop-2\/#listItem","name":"Shop"}},{"@type":"ListItem","@id":"https:\/\/kornita.lt\/en\/shop-2\/#listItem","position":2,"name":"Shop","item":"https:\/\/kornita.lt\/en\/shop-2\/","nextItem":{"@type":"ListItem","@id":"https:\/\/kornita.lt\/en\/product-category\/padazai\/#listItem","name":"Pada\u017eai"},"previousItem":{"@type":"ListItem","@id":"https:\/\/kornita.lt\/en\/#listItem","name":"Home"}},{"@type":"ListItem","@id":"https:\/\/kornita.lt\/en\/product-category\/padazai\/#listItem","position":3,"name":"Pada\u017eai","item":"https:\/\/kornita.lt\/en\/product-category\/padazai\/","nextItem":{"@type":"ListItem","@id":"https:\/\/kornita.lt\/en\/shop\/padazai\/vorcesterio-padazas-175-ml\/#listItem","name":"Vor\u010desterio pada\u017eas, 175 ml."},"previousItem":{"@type":"ListItem","@id":"https:\/\/kornita.lt\/en\/shop-2\/#listItem","name":"Shop"}},{"@type":"ListItem","@id":"https:\/\/kornita.lt\/en\/shop\/padazai\/vorcesterio-padazas-175-ml\/#listItem","position":4,"name":"Vor\u010desterio pada\u017eas, 175 ml.","previousItem":{"@type":"ListItem","@id":"https:\/\/kornita.lt\/en\/product-category\/padazai\/#listItem","name":"Pada\u017eai"}}]},{"@type":"Organization","@id":"https:\/\/kornita.lt\/en\/#organization","name":"kornita","url":"https:\/\/kornita.lt\/en\/","telephone":"+37068581463","logo":{"@type":"ImageObject","url":"http:\/\/kornita.webfactory.lt\/wp-content\/uploads\/2023\/04\/korni-el-prekyba.png","@id":"https:\/\/kornita.lt\/en\/shop\/padazai\/vorcesterio-padazas-175-ml\/#organizationLogo"},"image":{"@id":"https:\/\/kornita.lt\/en\/shop\/padazai\/vorcesterio-padazas-175-ml\/#organizationLogo"},"sameAs":["https:\/\/www.facebook.com\/kornita.lt"]},{"@type":"Product","@id":"https:\/\/kornita.lt\/en\/shop\/padazai\/vorcesterio-padazas-175-ml\/#wooCommerceProduct","name":"Vor\u010desterio pada\u017eas, 175 ml.","description":"Skystas pagardas tro\u0161kiniams, dar\u017eov\u0117ms, pada\u017eams, marinatams, m\u0117sai, \u017euviai, kepimui orkait\u0117je ir ant groteli\u0173.\r\n\r\n&nbsp;","url":"https:\/\/kornita.lt\/en\/shop\/padazai\/vorcesterio-padazas-175-ml\/","sku":"8594009166697","image":{"@type":"ImageObject","url":"https:\/\/kornita.lt\/wp-content\/uploads\/2024\/02\/3D-Worcesterinternet.jpg","@id":"https:\/\/kornita.lt\/en\/shop\/padazai\/vorcesterio-padazas-175-ml\/#productImage","width":820,"height":1706},"offers":{"@type":"Offer","url":"https:\/\/kornita.lt\/en\/shop\/padazai\/vorcesterio-padazas-175-ml\/#wooCommerceOffer","price":0.85,"priceCurrency":"EUR","category":"Pada\u017eai","availability":"https:\/\/schema.org\/InStock","priceSpecification":{"@type":"PriceSpecification","price":0.85,"priceCurrency":"EUR","valueAddedTaxIncluded":"true"},"seller":{"@type":"Organization","@id":"https:\/\/kornita.lt\/en\/#organization"}}},{"@type":"WebPage","@id":"https:\/\/kornita.lt\/en\/shop\/padazai\/vorcesterio-padazas-175-ml\/#webpage","url":"https:\/\/kornita.lt\/en\/shop\/padazai\/vorcesterio-padazas-175-ml\/","name":"Vor\u010desterio pada\u017eas, 175 ml. - kornita","description":"Skystas pagardas tro\u0161kiniams, dar\u017eov\u0117ms, pada\u017eams, marinatams, m\u0117sai, \u017euviai, kepimui orkait\u0117je ir ant groteli\u0173.","inLanguage":"en-US","isPartOf":{"@id":"https:\/\/kornita.lt\/en\/#website"},"breadcrumb":{"@id":"https:\/\/kornita.lt\/en\/shop\/padazai\/vorcesterio-padazas-175-ml\/#breadcrumblist"},"image":{"@type":"ImageObject","url":"https:\/\/kornita.lt\/wp-content\/uploads\/2024\/02\/3D-Worcesterinternet.jpg","@id":"https:\/\/kornita.lt\/en\/shop\/padazai\/vorcesterio-padazas-175-ml\/#mainImage","width":820,"height":1706},"primaryImageOfPage":{"@id":"https:\/\/kornita.lt\/en\/shop\/padazai\/vorcesterio-padazas-175-ml\/#mainImage"},"datePublished":"2024-02-07T13:22:16+00:00","dateModified":"2025-05-26T13:41:36+00:00"},{"@type":"WebSite","@id":"https:\/\/kornita.lt\/en\/#website","url":"https:\/\/kornita.lt\/en\/","name":"kornita","inLanguage":"en-US","publisher":{"@id":"https:\/\/kornita.lt\/en\/#organization"}}]},"og:locale":"en_US","og:site_name":"kornita -","og:type":"article","og:title":"Vor\u010desterio pada\u017eas, 175 ml. - kornita","og:description":"Skystas pagardas tro\u0161kiniams, dar\u017eov\u0117ms, pada\u017eams, marinatams, m\u0117sai, \u017euviai, kepimui orkait\u0117je ir ant groteli\u0173.","og:url":"https:\/\/kornita.lt\/en\/shop\/padazai\/vorcesterio-padazas-175-ml\/","og:image":"https:\/\/kornita.webfactory.lt\/wp-content\/uploads\/2023\/04\/korni-el-prekyba.png","og:image:secure_url":"https:\/\/kornita.webfactory.lt\/wp-content\/uploads\/2023\/04\/korni-el-prekyba.png","article:published_time":"2024-02-07T13:22:16+00:00","article:modified_time":"2025-05-26T13:41:36+00:00","article:publisher":"https:\/\/www.facebook.com\/kornita.lt","twitter:card":"summary_large_image","twitter:title":"Vor\u010desterio pada\u017eas, 175 ml. - kornita","twitter:description":"Skystas pagardas tro\u0161kiniams, dar\u017eov\u0117ms, pada\u017eams, marinatams, m\u0117sai, \u017euviai, kepimui orkait\u0117je ir ant groteli\u0173.","twitter:image":"http:\/\/kornita.webfactory.lt\/wp-content\/uploads\/2023\/04\/korni-el-prekyba.png"},"aioseo_meta_data":{"post_id":"16577","title":null,"description":null,"keywords":null,"keyphrases":{"focus":{"keyphrase":"","score":0,"analysis":{"keyphraseInTitle":{"score":0,"maxScore":9,"error":1}}},"additional":[]},"primary_term":null,"canonical_url":null,"og_title":null,"og_description":null,"og_object_type":"default","og_image_type":"default","og_image_url":null,"og_image_width":null,"og_image_height":null,"og_image_custom_url":null,"og_image_custom_fields":null,"og_video":"","og_custom_url":null,"og_article_section":null,"og_article_tags":null,"twitter_use_og":false,"twitter_card":"default","twitter_image_type":"default","twitter_image_url":null,"twitter_image_custom_url":null,"twitter_image_custom_fields":null,"twitter_title":null,"twitter_description":null,"schema":{"blockGraphs":[],"customGraphs":[],"default":{"data":{"Article":[],"Course":[],"Dataset":[],"FAQPage":[],"Movie":[],"Person":[],"Product":[],"ProductReview":[],"Car":[],"Recipe":[],"Service":[],"SoftwareApplication":[],"WebPage":[]},"graphName":"ItemPage","isEnabled":true},"graphs":[]},"schema_type":"default","schema_type_options":null,"pillar_content":false,"robots_default":true,"robots_noindex":false,"robots_noarchive":false,"robots_nosnippet":false,"robots_nofollow":false,"robots_noimageindex":false,"robots_noodp":false,"robots_notranslate":false,"robots_max_snippet":"-1","robots_max_videopreview":"-1","robots_max_imagepreview":"large","priority":null,"frequency":"default","local_seo":null,"seo_analyzer_scan_date":"2025-10-09 00:45:51","breadcrumb_settings":null,"limit_modified_date":false,"open_ai":"{\"title\":{\"suggestions\":[],\"usage\":0},\"description\":{\"suggestions\":[],\"usage\":0}}","ai":null,"created":"2024-02-07 13:22:52","updated":"2025-10-21 23:35:36"},"aioseo_breadcrumb":"<div class=\"aioseo-breadcrumbs\"><span class=\"aioseo-breadcrumb\">\n\t<a href=\"https:\/\/kornita.lt\/en\/\" title=\"Home\">Home<\/a>\n<\/span><span class=\"aioseo-breadcrumb-separator\">&raquo;<\/span><span class=\"aioseo-breadcrumb\">\n\t<a href=\"https:\/\/kornita.lt\/en\/shop-2\/\" title=\"Shop\">Shop<\/a>\n<\/span><span class=\"aioseo-breadcrumb-separator\">&raquo;<\/span><span class=\"aioseo-breadcrumb\">\n\t<a href=\"https:\/\/kornita.lt\/en\/product-category\/padazai\/\" title=\"Pada\u017eai\">Pada\u017eai<\/a>\n<\/span><span class=\"aioseo-breadcrumb-separator\">&raquo;<\/span><span class=\"aioseo-breadcrumb\">\n\tVor\u010desterio pada\u017eas, 175 ml.\n<\/span><\/div>","aioseo_breadcrumb_json":[{"label":"Home","link":"https:\/\/kornita.lt\/en\/"},{"label":"Shop","link":"https:\/\/kornita.lt\/en\/shop-2\/"},{"label":"Pada\u017eai","link":"https:\/\/kornita.lt\/en\/product-category\/padazai\/"},{"label":"Vor\u010desterio pada\u017eas, 175 ml.","link":"https:\/\/kornita.lt\/en\/shop\/padazai\/vorcesterio-padazas-175-ml\/"}],"_links":{"self":[{"href":"https:\/\/kornita.lt\/en\/wp-json\/wp\/v2\/product\/16577","targetHints":{"allow":["GET"]}}],"collection":[{"href":"https:\/\/kornita.lt\/en\/wp-json\/wp\/v2\/product"}],"about":[{"href":"https:\/\/kornita.lt\/en\/wp-json\/wp\/v2\/types\/product"}],"replies":[{"embeddable":true,"href":"https:\/\/kornita.lt\/en\/wp-json\/wp\/v2\/comments?post=16577"}],"version-history":[{"count":2,"href":"https:\/\/kornita.lt\/en\/wp-json\/wp\/v2\/product\/16577\/revisions"}],"predecessor-version":[{"id":25158,"href":"https:\/\/kornita.lt\/en\/wp-json\/wp\/v2\/product\/16577\/revisions\/25158"}],"wp:featuredmedia":[{"embeddable":true,"href":"https:\/\/kornita.lt\/en\/wp-json\/wp\/v2\/media\/23930"}],"wp:attachment":[{"href":"https:\/\/kornita.lt\/en\/wp-json\/wp\/v2\/media?parent=16577"}],"wp:term":[{"taxonomy":"product_brand","embeddable":true,"href":"https:\/\/kornita.lt\/en\/wp-json\/wp\/v2\/product_brand?post=16577"},{"taxonomy":"product_cat","embeddable":true,"href":"https:\/\/kornita.lt\/en\/wp-json\/wp\/v2\/product_cat?post=16577"},{"taxonomy":"product_tag","embeddable":true,"href":"https:\/\/kornita.lt\/en\/wp-json\/wp\/v2\/product_tag?post=16577"}],"curies":[{"name":"wp","href":"https:\/\/api.w.org\/{rel}","templated":true}]}}