{"id":16573,"date":"2024-02-07T13:22:15","date_gmt":"2024-02-07T13:22:15","guid":{"rendered":"https:\/\/kornita.webfactory.lt\/?post_type=product&#038;p=16573"},"modified":"2026-03-25T09:11:15","modified_gmt":"2026-03-25T09:11:15","slug":"misinys-soju-kotletams-264g","status":"publish","type":"product","link":"https:\/\/kornita.lt\/en\/shop\/augaliniai-baltymai\/misinys-soju-kotletams-264g\/","title":{"rendered":"Mi\u0161inys soj\u0173 kotletams, 264g"},"content":{"rendered":"<p><strong>Sudedamosios dalys<\/strong>: <strong>soj\u0173<\/strong> dribsniai 52%, bulvi\u0173 miltai, <strong>kvietiniai<\/strong> miltai, prieskoniai (pastarnokai, morkos, svog\u016bnai, cukrus, petra\u017eol\u0117s, ciber\u017eol\u0117s, juodieji pipirai, druska).<\/p>\n<hr \/>\n<p><strong>Paruo\u0161imas<\/strong>: Pakuot\u0117s viduje rasite 1 soj\u0173 dribsni\u0173 ir 1 prieskoni\u0173 bei milt\u0173 mi\u0161inio mai\u0161elius, i\u0161 kuri\u0173 gal\u0117site pasigaminti 24 kotletukus. Norint pasigaminti 4 porcijas jums reik\u0117s 1\/2 mai\u0161elio soj\u0173 dribsni\u0173 ir 1\/2 mai\u0161elio prieskoni\u0173 mi\u0161inio u\u017epilti 250 ml \u0161alto vandens. \u012emu\u0161ti 2 kiau\u0161inius ir 3-5 min. palikti brinkti. Vegani\u0161kai versijai galite naudoti kiau\u0161inio pakaital\u0105 arba \u012fpilti 50 ml daugiau vandens. Keptuv\u0117je \u012fkaitinti aliej\u0173 ir paruo\u0161t\u0105 mas\u0119 \u0161auk\u0161tu d\u0117ti \u012f keptuv\u0119 formuojant kotletukus. Kepti apie 5 min. Tinka su bulvi\u0173 ko\u0161e, ry\u017eiais ir dar\u017eov\u0117mis.<\/p>\n<blockquote class=\"wp-embedded-content\" data-secret=\"TeqmMPWTgr\"><p><a href=\"https:\/\/kornita.lt\/soja-valgyti-ar-ne-mitai-ir-faktai\/\">Soja: mitai ir faktai. Valgyti ar ne?<\/a><\/p><\/blockquote>\n<p><iframe loading=\"lazy\" class=\"wp-embedded-content\" sandbox=\"allow-scripts\" security=\"restricted\" style=\"position: absolute; visibility: hidden;\" title=\"&#8220;Soja: mitai ir faktai. Valgyti ar ne?&#8221; &#8212; kornita\" src=\"https:\/\/kornita.lt\/soja-valgyti-ar-ne-mitai-ir-faktai\/embed\/#?secret=rK0fI7TFkv#?secret=TeqmMPWTgr\" data-secret=\"TeqmMPWTgr\" width=\"500\" height=\"282\" frameborder=\"0\" marginwidth=\"0\" marginheight=\"0\" scrolling=\"no\"><\/iframe><\/p>\n","protected":false},"excerpt":{"rendered":"<p>Soj\u0173 dribsni\u0173 mi\u0161inys kepsniams yra pagamintas i\u0161 geneti\u0161kai nemodifikuot\u0173 soj\u0173 pupeli\u0173 bei kit\u0173, visi\u0161kai nat\u016brali\u0173 ingredient\u0173. U\u017etruksite vos 15 minu\u010di\u0173 ir gal\u0117site m\u0117gautis puikiu patiekalu. Soj\u0173 dribsni\u0173 kepsneliai tinka valgyti su bulvi\u0173 ko\u0161e, ry\u017eiais, dar\u017eov\u0117mis.<\/p>\n","protected":false},"featured_media":15553,"comment_status":"open","ping_status":"closed","template":"","meta":[],"product_brand":[],"product_cat":[214,131],"product_tag":[28,29,27],"class_list":{"0":"post-16573","1":"product","2":"type-product","3":"status-publish","4":"has-post-thumbnail","6":"product_cat-augaliniai-baltymai","7":"product_cat-be-kategorijos","8":"product_tag-kepsniams","9":"product_tag-misinys-soju-kotletams","10":"product_tag-soju","11":"product_shipping_class-pristatymas","13":"first","14":"instock","15":"taxable","16":"shipping-taxable","17":"purchasable","18":"product-type-simple"},"aioseo_notices":[],"aioseo_head":"\n\t\t<!-- All in One SEO Pro 4.9.5.2 - aioseo.com -->\n\t<meta name=\"description\" content=\"Soj\u0173 dribsni\u0173 mi\u0161inys kepsniams yra pagamintas i\u0161 geneti\u0161kai nemodifikuot\u0173 soj\u0173 pupeli\u0173 bei kit\u0173, visi\u0161kai nat\u016brali\u0173 ingredient\u0173. U\u017etruksite vos 15 minu\u010di\u0173 ir gal\u0117site m\u0117gautis puikiu patiekalu. Soj\u0173 dribsni\u0173 kepsneliai tinka valgyti su bulvi\u0173 ko\u0161e, ry\u017eiais, dar\u017eov\u0117mis.\" \/>\n\t<meta name=\"robots\" content=\"max-image-preview:large\" \/>\n\t<link rel=\"canonical\" href=\"https:\/\/kornita.lt\/en\/shop\/augaliniai-baltymai\/misinys-soju-kotletams-264g\/\" \/>\n\t<meta name=\"generator\" content=\"All in One SEO Pro (AIOSEO) 4.9.5.2\" \/>\n\t\t<meta property=\"og:locale\" content=\"en_US\" \/>\n\t\t<meta property=\"og:site_name\" content=\"kornita -\" \/>\n\t\t<meta property=\"og:type\" content=\"article\" \/>\n\t\t<meta property=\"og:title\" content=\"Mi\u0161inys soj\u0173 kotletams, 264g - kornita\" \/>\n\t\t<meta property=\"og:description\" content=\"Soj\u0173 dribsni\u0173 mi\u0161inys kepsniams yra pagamintas i\u0161 geneti\u0161kai nemodifikuot\u0173 soj\u0173 pupeli\u0173 bei kit\u0173, visi\u0161kai nat\u016brali\u0173 ingredient\u0173. U\u017etruksite vos 15 minu\u010di\u0173 ir gal\u0117site m\u0117gautis puikiu patiekalu. Soj\u0173 dribsni\u0173 kepsneliai tinka valgyti su bulvi\u0173 ko\u0161e, ry\u017eiais, dar\u017eov\u0117mis.\" \/>\n\t\t<meta property=\"og:url\" content=\"https:\/\/kornita.lt\/en\/shop\/augaliniai-baltymai\/misinys-soju-kotletams-264g\/\" \/>\n\t\t<meta property=\"og:image\" content=\"https:\/\/kornita.webfactory.lt\/wp-content\/uploads\/2023\/04\/korni-el-prekyba.png\" \/>\n\t\t<meta property=\"og:image:secure_url\" content=\"https:\/\/kornita.webfactory.lt\/wp-content\/uploads\/2023\/04\/korni-el-prekyba.png\" \/>\n\t\t<meta property=\"article:published_time\" content=\"2024-02-07T13:22:15+00:00\" \/>\n\t\t<meta property=\"article:modified_time\" content=\"2026-03-25T09:11:15+00:00\" \/>\n\t\t<meta property=\"article:publisher\" content=\"https:\/\/www.facebook.com\/kornita.lt\" \/>\n\t\t<meta name=\"twitter:card\" content=\"summary_large_image\" \/>\n\t\t<meta name=\"twitter:title\" content=\"Mi\u0161inys soj\u0173 kotletams, 264g - kornita\" \/>\n\t\t<meta name=\"twitter:description\" content=\"Soj\u0173 dribsni\u0173 mi\u0161inys kepsniams yra pagamintas i\u0161 geneti\u0161kai nemodifikuot\u0173 soj\u0173 pupeli\u0173 bei kit\u0173, visi\u0161kai nat\u016brali\u0173 ingredient\u0173. U\u017etruksite vos 15 minu\u010di\u0173 ir gal\u0117site m\u0117gautis puikiu patiekalu. Soj\u0173 dribsni\u0173 kepsneliai tinka valgyti su bulvi\u0173 ko\u0161e, ry\u017eiais, dar\u017eov\u0117mis.\" \/>\n\t\t<meta name=\"twitter:image\" content=\"http:\/\/kornita.webfactory.lt\/wp-content\/uploads\/2023\/04\/korni-el-prekyba.png\" \/>\n\t\t<script type=\"application\/ld+json\" class=\"aioseo-schema\">\n\t\t\t{\"@context\":\"https:\\\/\\\/schema.org\",\"@graph\":[{\"@type\":\"BreadcrumbList\",\"@id\":\"https:\\\/\\\/kornita.lt\\\/en\\\/shop\\\/augaliniai-baltymai\\\/misinys-soju-kotletams-264g\\\/#breadcrumblist\",\"itemListElement\":[{\"@type\":\"ListItem\",\"@id\":\"https:\\\/\\\/kornita.lt\\\/en\\\/#listItem\",\"position\":1,\"name\":\"Home\",\"item\":\"https:\\\/\\\/kornita.lt\\\/en\\\/\",\"nextItem\":{\"@type\":\"ListItem\",\"@id\":\"https:\\\/\\\/kornita.lt\\\/en\\\/shop-2\\\/#listItem\",\"name\":\"Shop\"}},{\"@type\":\"ListItem\",\"@id\":\"https:\\\/\\\/kornita.lt\\\/en\\\/shop-2\\\/#listItem\",\"position\":2,\"name\":\"Shop\",\"item\":\"https:\\\/\\\/kornita.lt\\\/en\\\/shop-2\\\/\",\"nextItem\":{\"@type\":\"ListItem\",\"@id\":\"https:\\\/\\\/kornita.lt\\\/en\\\/product-category\\\/be-kategorijos\\\/#listItem\",\"name\":\"Be kategorijos\"},\"previousItem\":{\"@type\":\"ListItem\",\"@id\":\"https:\\\/\\\/kornita.lt\\\/en\\\/#listItem\",\"name\":\"Home\"}},{\"@type\":\"ListItem\",\"@id\":\"https:\\\/\\\/kornita.lt\\\/en\\\/product-category\\\/be-kategorijos\\\/#listItem\",\"position\":3,\"name\":\"Be kategorijos\",\"item\":\"https:\\\/\\\/kornita.lt\\\/en\\\/product-category\\\/be-kategorijos\\\/\",\"nextItem\":{\"@type\":\"ListItem\",\"@id\":\"https:\\\/\\\/kornita.lt\\\/en\\\/shop\\\/augaliniai-baltymai\\\/misinys-soju-kotletams-264g\\\/#listItem\",\"name\":\"Mi\\u0161inys soj\\u0173 kotletams, 264g\"},\"previousItem\":{\"@type\":\"ListItem\",\"@id\":\"https:\\\/\\\/kornita.lt\\\/en\\\/shop-2\\\/#listItem\",\"name\":\"Shop\"}},{\"@type\":\"ListItem\",\"@id\":\"https:\\\/\\\/kornita.lt\\\/en\\\/shop\\\/augaliniai-baltymai\\\/misinys-soju-kotletams-264g\\\/#listItem\",\"position\":4,\"name\":\"Mi\\u0161inys soj\\u0173 kotletams, 264g\",\"previousItem\":{\"@type\":\"ListItem\",\"@id\":\"https:\\\/\\\/kornita.lt\\\/en\\\/product-category\\\/be-kategorijos\\\/#listItem\",\"name\":\"Be kategorijos\"}}]},{\"@type\":\"Organization\",\"@id\":\"https:\\\/\\\/kornita.lt\\\/en\\\/#organization\",\"name\":\"kornita\",\"url\":\"https:\\\/\\\/kornita.lt\\\/en\\\/\",\"telephone\":\"+37068581463\",\"logo\":{\"@type\":\"ImageObject\",\"url\":\"http:\\\/\\\/kornita.webfactory.lt\\\/wp-content\\\/uploads\\\/2023\\\/04\\\/korni-el-prekyba.png\",\"@id\":\"https:\\\/\\\/kornita.lt\\\/en\\\/shop\\\/augaliniai-baltymai\\\/misinys-soju-kotletams-264g\\\/#organizationLogo\"},\"image\":{\"@id\":\"https:\\\/\\\/kornita.lt\\\/en\\\/shop\\\/augaliniai-baltymai\\\/misinys-soju-kotletams-264g\\\/#organizationLogo\"},\"sameAs\":[\"https:\\\/\\\/www.facebook.com\\\/kornita.lt\"]},{\"@type\":\"Product\",\"@id\":\"https:\\\/\\\/kornita.lt\\\/en\\\/shop\\\/augaliniai-baltymai\\\/misinys-soju-kotletams-264g\\\/#wooCommerceProduct\",\"name\":\"Mi\\u0161inys soj\\u0173 kotletams, 264g\",\"description\":\"Soj\\u0173 dribsni\\u0173 mi\\u0161inys kepsniams yra pagamintas i\\u0161 geneti\\u0161kai nemodifikuot\\u0173 soj\\u0173 pupeli\\u0173 bei kit\\u0173, visi\\u0161kai nat\\u016brali\\u0173 ingredient\\u0173. U\\u017etruksite vos 15 minu\\u010di\\u0173 ir gal\\u0117site m\\u0117gautis puikiu patiekalu. Soj\\u0173 dribsni\\u0173 kepsneliai tinka valgyti su bulvi\\u0173 ko\\u0161e, ry\\u017eiais, dar\\u017eov\\u0117mis.\",\"url\":\"https:\\\/\\\/kornita.lt\\\/en\\\/shop\\\/augaliniai-baltymai\\\/misinys-soju-kotletams-264g\\\/\",\"sku\":\"4779018460125\",\"image\":{\"@type\":\"ImageObject\",\"url\":\"https:\\\/\\\/kornita.lt\\\/wp-content\\\/uploads\\\/2023\\\/09\\\/misinys-soju-kotletams.png\",\"@id\":\"https:\\\/\\\/kornita.lt\\\/en\\\/shop\\\/augaliniai-baltymai\\\/misinys-soju-kotletams-264g\\\/#productImage\",\"width\":433,\"height\":500},\"offers\":{\"@type\":\"Offer\",\"url\":\"https:\\\/\\\/kornita.lt\\\/en\\\/shop\\\/augaliniai-baltymai\\\/misinys-soju-kotletams-264g\\\/#wooCommerceOffer\",\"price\":1.49,\"priceCurrency\":\"EUR\",\"category\":\"Augaliniai m\\u0117sos pakaitalai\",\"availability\":\"https:\\\/\\\/schema.org\\\/InStock\",\"priceSpecification\":{\"@type\":\"PriceSpecification\",\"price\":1.49,\"priceCurrency\":\"EUR\",\"valueAddedTaxIncluded\":\"true\"},\"seller\":{\"@type\":\"Organization\",\"@id\":\"https:\\\/\\\/kornita.lt\\\/en\\\/#organization\"}}},{\"@type\":\"WebPage\",\"@id\":\"https:\\\/\\\/kornita.lt\\\/en\\\/shop\\\/augaliniai-baltymai\\\/misinys-soju-kotletams-264g\\\/#webpage\",\"url\":\"https:\\\/\\\/kornita.lt\\\/en\\\/shop\\\/augaliniai-baltymai\\\/misinys-soju-kotletams-264g\\\/\",\"name\":\"Mi\\u0161inys soj\\u0173 kotletams, 264g - kornita\",\"description\":\"Soj\\u0173 dribsni\\u0173 mi\\u0161inys kepsniams yra pagamintas i\\u0161 geneti\\u0161kai nemodifikuot\\u0173 soj\\u0173 pupeli\\u0173 bei kit\\u0173, visi\\u0161kai nat\\u016brali\\u0173 ingredient\\u0173. U\\u017etruksite vos 15 minu\\u010di\\u0173 ir gal\\u0117site m\\u0117gautis puikiu patiekalu. Soj\\u0173 dribsni\\u0173 kepsneliai tinka valgyti su bulvi\\u0173 ko\\u0161e, ry\\u017eiais, dar\\u017eov\\u0117mis.\",\"inLanguage\":\"en-US\",\"isPartOf\":{\"@id\":\"https:\\\/\\\/kornita.lt\\\/en\\\/#website\"},\"breadcrumb\":{\"@id\":\"https:\\\/\\\/kornita.lt\\\/en\\\/shop\\\/augaliniai-baltymai\\\/misinys-soju-kotletams-264g\\\/#breadcrumblist\"},\"image\":{\"@type\":\"ImageObject\",\"url\":\"https:\\\/\\\/kornita.lt\\\/wp-content\\\/uploads\\\/2023\\\/09\\\/misinys-soju-kotletams.png\",\"@id\":\"https:\\\/\\\/kornita.lt\\\/en\\\/shop\\\/augaliniai-baltymai\\\/misinys-soju-kotletams-264g\\\/#mainImage\",\"width\":433,\"height\":500},\"primaryImageOfPage\":{\"@id\":\"https:\\\/\\\/kornita.lt\\\/en\\\/shop\\\/augaliniai-baltymai\\\/misinys-soju-kotletams-264g\\\/#mainImage\"},\"datePublished\":\"2024-02-07T13:22:15+00:00\",\"dateModified\":\"2026-03-25T09:11:15+00:00\"},{\"@type\":\"WebSite\",\"@id\":\"https:\\\/\\\/kornita.lt\\\/en\\\/#website\",\"url\":\"https:\\\/\\\/kornita.lt\\\/en\\\/\",\"name\":\"kornita\",\"inLanguage\":\"en-US\",\"publisher\":{\"@id\":\"https:\\\/\\\/kornita.lt\\\/en\\\/#organization\"}}]}\n\t\t<\/script>\n\t\t<!-- All in One SEO Pro -->\r\n\t\t<title>Mi\u0161inys soj\u0173 kotletams, 264g - kornita<\/title>\n\n","aioseo_head_json":{"title":"Mi\u0161inys soj\u0173 kotletams, 264g - kornita","description":"Soj\u0173 dribsni\u0173 mi\u0161inys kepsniams yra pagamintas i\u0161 geneti\u0161kai nemodifikuot\u0173 soj\u0173 pupeli\u0173 bei kit\u0173, visi\u0161kai nat\u016brali\u0173 ingredient\u0173. U\u017etruksite vos 15 minu\u010di\u0173 ir gal\u0117site m\u0117gautis puikiu patiekalu. Soj\u0173 dribsni\u0173 kepsneliai tinka valgyti su bulvi\u0173 ko\u0161e, ry\u017eiais, dar\u017eov\u0117mis.","canonical_url":"https:\/\/kornita.lt\/en\/shop\/augaliniai-baltymai\/misinys-soju-kotletams-264g\/","robots":"max-image-preview:large","keywords":"","webmasterTools":{"miscellaneous":""},"schema":{"@context":"https:\/\/schema.org","@graph":[{"@type":"BreadcrumbList","@id":"https:\/\/kornita.lt\/en\/shop\/augaliniai-baltymai\/misinys-soju-kotletams-264g\/#breadcrumblist","itemListElement":[{"@type":"ListItem","@id":"https:\/\/kornita.lt\/en\/#listItem","position":1,"name":"Home","item":"https:\/\/kornita.lt\/en\/","nextItem":{"@type":"ListItem","@id":"https:\/\/kornita.lt\/en\/shop-2\/#listItem","name":"Shop"}},{"@type":"ListItem","@id":"https:\/\/kornita.lt\/en\/shop-2\/#listItem","position":2,"name":"Shop","item":"https:\/\/kornita.lt\/en\/shop-2\/","nextItem":{"@type":"ListItem","@id":"https:\/\/kornita.lt\/en\/product-category\/be-kategorijos\/#listItem","name":"Be kategorijos"},"previousItem":{"@type":"ListItem","@id":"https:\/\/kornita.lt\/en\/#listItem","name":"Home"}},{"@type":"ListItem","@id":"https:\/\/kornita.lt\/en\/product-category\/be-kategorijos\/#listItem","position":3,"name":"Be kategorijos","item":"https:\/\/kornita.lt\/en\/product-category\/be-kategorijos\/","nextItem":{"@type":"ListItem","@id":"https:\/\/kornita.lt\/en\/shop\/augaliniai-baltymai\/misinys-soju-kotletams-264g\/#listItem","name":"Mi\u0161inys soj\u0173 kotletams, 264g"},"previousItem":{"@type":"ListItem","@id":"https:\/\/kornita.lt\/en\/shop-2\/#listItem","name":"Shop"}},{"@type":"ListItem","@id":"https:\/\/kornita.lt\/en\/shop\/augaliniai-baltymai\/misinys-soju-kotletams-264g\/#listItem","position":4,"name":"Mi\u0161inys soj\u0173 kotletams, 264g","previousItem":{"@type":"ListItem","@id":"https:\/\/kornita.lt\/en\/product-category\/be-kategorijos\/#listItem","name":"Be kategorijos"}}]},{"@type":"Organization","@id":"https:\/\/kornita.lt\/en\/#organization","name":"kornita","url":"https:\/\/kornita.lt\/en\/","telephone":"+37068581463","logo":{"@type":"ImageObject","url":"http:\/\/kornita.webfactory.lt\/wp-content\/uploads\/2023\/04\/korni-el-prekyba.png","@id":"https:\/\/kornita.lt\/en\/shop\/augaliniai-baltymai\/misinys-soju-kotletams-264g\/#organizationLogo"},"image":{"@id":"https:\/\/kornita.lt\/en\/shop\/augaliniai-baltymai\/misinys-soju-kotletams-264g\/#organizationLogo"},"sameAs":["https:\/\/www.facebook.com\/kornita.lt"]},{"@type":"Product","@id":"https:\/\/kornita.lt\/en\/shop\/augaliniai-baltymai\/misinys-soju-kotletams-264g\/#wooCommerceProduct","name":"Mi\u0161inys soj\u0173 kotletams, 264g","description":"Soj\u0173 dribsni\u0173 mi\u0161inys kepsniams yra pagamintas i\u0161 geneti\u0161kai nemodifikuot\u0173 soj\u0173 pupeli\u0173 bei kit\u0173, visi\u0161kai nat\u016brali\u0173 ingredient\u0173. U\u017etruksite vos 15 minu\u010di\u0173 ir gal\u0117site m\u0117gautis puikiu patiekalu. Soj\u0173 dribsni\u0173 kepsneliai tinka valgyti su bulvi\u0173 ko\u0161e, ry\u017eiais, dar\u017eov\u0117mis.","url":"https:\/\/kornita.lt\/en\/shop\/augaliniai-baltymai\/misinys-soju-kotletams-264g\/","sku":"4779018460125","image":{"@type":"ImageObject","url":"https:\/\/kornita.lt\/wp-content\/uploads\/2023\/09\/misinys-soju-kotletams.png","@id":"https:\/\/kornita.lt\/en\/shop\/augaliniai-baltymai\/misinys-soju-kotletams-264g\/#productImage","width":433,"height":500},"offers":{"@type":"Offer","url":"https:\/\/kornita.lt\/en\/shop\/augaliniai-baltymai\/misinys-soju-kotletams-264g\/#wooCommerceOffer","price":1.49,"priceCurrency":"EUR","category":"Augaliniai m\u0117sos pakaitalai","availability":"https:\/\/schema.org\/InStock","priceSpecification":{"@type":"PriceSpecification","price":1.49,"priceCurrency":"EUR","valueAddedTaxIncluded":"true"},"seller":{"@type":"Organization","@id":"https:\/\/kornita.lt\/en\/#organization"}}},{"@type":"WebPage","@id":"https:\/\/kornita.lt\/en\/shop\/augaliniai-baltymai\/misinys-soju-kotletams-264g\/#webpage","url":"https:\/\/kornita.lt\/en\/shop\/augaliniai-baltymai\/misinys-soju-kotletams-264g\/","name":"Mi\u0161inys soj\u0173 kotletams, 264g - kornita","description":"Soj\u0173 dribsni\u0173 mi\u0161inys kepsniams yra pagamintas i\u0161 geneti\u0161kai nemodifikuot\u0173 soj\u0173 pupeli\u0173 bei kit\u0173, visi\u0161kai nat\u016brali\u0173 ingredient\u0173. U\u017etruksite vos 15 minu\u010di\u0173 ir gal\u0117site m\u0117gautis puikiu patiekalu. Soj\u0173 dribsni\u0173 kepsneliai tinka valgyti su bulvi\u0173 ko\u0161e, ry\u017eiais, dar\u017eov\u0117mis.","inLanguage":"en-US","isPartOf":{"@id":"https:\/\/kornita.lt\/en\/#website"},"breadcrumb":{"@id":"https:\/\/kornita.lt\/en\/shop\/augaliniai-baltymai\/misinys-soju-kotletams-264g\/#breadcrumblist"},"image":{"@type":"ImageObject","url":"https:\/\/kornita.lt\/wp-content\/uploads\/2023\/09\/misinys-soju-kotletams.png","@id":"https:\/\/kornita.lt\/en\/shop\/augaliniai-baltymai\/misinys-soju-kotletams-264g\/#mainImage","width":433,"height":500},"primaryImageOfPage":{"@id":"https:\/\/kornita.lt\/en\/shop\/augaliniai-baltymai\/misinys-soju-kotletams-264g\/#mainImage"},"datePublished":"2024-02-07T13:22:15+00:00","dateModified":"2026-03-25T09:11:15+00:00"},{"@type":"WebSite","@id":"https:\/\/kornita.lt\/en\/#website","url":"https:\/\/kornita.lt\/en\/","name":"kornita","inLanguage":"en-US","publisher":{"@id":"https:\/\/kornita.lt\/en\/#organization"}}]},"og:locale":"en_US","og:site_name":"kornita -","og:type":"article","og:title":"Mi\u0161inys soj\u0173 kotletams, 264g - kornita","og:description":"Soj\u0173 dribsni\u0173 mi\u0161inys kepsniams yra pagamintas i\u0161 geneti\u0161kai nemodifikuot\u0173 soj\u0173 pupeli\u0173 bei kit\u0173, visi\u0161kai nat\u016brali\u0173 ingredient\u0173. U\u017etruksite vos 15 minu\u010di\u0173 ir gal\u0117site m\u0117gautis puikiu patiekalu. Soj\u0173 dribsni\u0173 kepsneliai tinka valgyti su bulvi\u0173 ko\u0161e, ry\u017eiais, dar\u017eov\u0117mis.","og:url":"https:\/\/kornita.lt\/en\/shop\/augaliniai-baltymai\/misinys-soju-kotletams-264g\/","og:image":"https:\/\/kornita.webfactory.lt\/wp-content\/uploads\/2023\/04\/korni-el-prekyba.png","og:image:secure_url":"https:\/\/kornita.webfactory.lt\/wp-content\/uploads\/2023\/04\/korni-el-prekyba.png","article:published_time":"2024-02-07T13:22:15+00:00","article:modified_time":"2026-03-25T09:11:15+00:00","article:publisher":"https:\/\/www.facebook.com\/kornita.lt","twitter:card":"summary_large_image","twitter:title":"Mi\u0161inys soj\u0173 kotletams, 264g - kornita","twitter:description":"Soj\u0173 dribsni\u0173 mi\u0161inys kepsniams yra pagamintas i\u0161 geneti\u0161kai nemodifikuot\u0173 soj\u0173 pupeli\u0173 bei kit\u0173, visi\u0161kai nat\u016brali\u0173 ingredient\u0173. U\u017etruksite vos 15 minu\u010di\u0173 ir gal\u0117site m\u0117gautis puikiu patiekalu. Soj\u0173 dribsni\u0173 kepsneliai tinka valgyti su bulvi\u0173 ko\u0161e, ry\u017eiais, dar\u017eov\u0117mis.","twitter:image":"http:\/\/kornita.webfactory.lt\/wp-content\/uploads\/2023\/04\/korni-el-prekyba.png"},"aioseo_meta_data":{"post_id":"16573","title":"#post_title #separator_sa #site_title","description":"#post_excerpt","keywords":null,"keyphrases":{"focus":{"keyphrase":"","score":0,"analysis":{"keyphraseInTitle":{"score":0,"maxScore":9,"error":1}}},"additional":[]},"primary_term":null,"canonical_url":null,"og_title":null,"og_description":null,"og_object_type":"default","og_image_type":"default","og_image_url":null,"og_image_width":null,"og_image_height":null,"og_image_custom_url":null,"og_image_custom_fields":null,"og_video":"","og_custom_url":null,"og_article_section":null,"og_article_tags":null,"twitter_use_og":false,"twitter_card":"default","twitter_image_type":"default","twitter_image_url":null,"twitter_image_custom_url":null,"twitter_image_custom_fields":null,"twitter_title":null,"twitter_description":null,"schema":{"blockGraphs":[],"customGraphs":[],"default":{"data":{"Article":[],"Course":[],"Dataset":[],"FAQPage":[],"Movie":[],"Person":[],"Product":[],"ProductReview":[],"Car":[],"Recipe":[],"Service":[],"SoftwareApplication":[],"WebPage":[]},"graphName":"ItemPage","isEnabled":true},"graphs":[]},"schema_type":"default","schema_type_options":null,"pillar_content":false,"robots_default":true,"robots_noindex":false,"robots_noarchive":false,"robots_nosnippet":false,"robots_nofollow":false,"robots_noimageindex":false,"robots_noodp":false,"robots_notranslate":false,"robots_max_snippet":"-1","robots_max_videopreview":"-1","robots_max_imagepreview":"large","priority":null,"frequency":"default","local_seo":null,"seo_analyzer_scan_date":"2026-03-25 11:31:18","breadcrumb_settings":null,"limit_modified_date":false,"open_ai":"{\"title\":{\"suggestions\":[],\"usage\":0},\"description\":{\"suggestions\":[],\"usage\":0}}","ai":null,"created":"2024-02-07 13:22:22","updated":"2026-03-25 11:31:18"},"aioseo_breadcrumb":"<div class=\"aioseo-breadcrumbs\"><span class=\"aioseo-breadcrumb\">\n\t<a href=\"https:\/\/kornita.lt\/en\/\" title=\"Home\">Home<\/a>\n<\/span><span class=\"aioseo-breadcrumb-separator\">&raquo;<\/span><span class=\"aioseo-breadcrumb\">\n\t<a href=\"https:\/\/kornita.lt\/en\/shop-2\/\" title=\"Shop\">Shop<\/a>\n<\/span><span class=\"aioseo-breadcrumb-separator\">&raquo;<\/span><span class=\"aioseo-breadcrumb\">\n\t<a href=\"https:\/\/kornita.lt\/en\/product-category\/be-kategorijos\/\" title=\"Be kategorijos\">Be kategorijos<\/a>\n<\/span><span class=\"aioseo-breadcrumb-separator\">&raquo;<\/span><span class=\"aioseo-breadcrumb\">\n\tMi\u0161inys soj\u0173 kotletams, 264g\n<\/span><\/div>","aioseo_breadcrumb_json":[{"label":"Home","link":"https:\/\/kornita.lt\/en\/"},{"label":"Shop","link":"https:\/\/kornita.lt\/en\/shop-2\/"},{"label":"Be kategorijos","link":"https:\/\/kornita.lt\/en\/product-category\/be-kategorijos\/"},{"label":"Mi\u0161inys soj\u0173 kotletams, 264g","link":"https:\/\/kornita.lt\/en\/shop\/augaliniai-baltymai\/misinys-soju-kotletams-264g\/"}],"_links":{"self":[{"href":"https:\/\/kornita.lt\/en\/wp-json\/wp\/v2\/product\/16573","targetHints":{"allow":["GET"]}}],"collection":[{"href":"https:\/\/kornita.lt\/en\/wp-json\/wp\/v2\/product"}],"about":[{"href":"https:\/\/kornita.lt\/en\/wp-json\/wp\/v2\/types\/product"}],"replies":[{"embeddable":true,"href":"https:\/\/kornita.lt\/en\/wp-json\/wp\/v2\/comments?post=16573"}],"version-history":[{"count":2,"href":"https:\/\/kornita.lt\/en\/wp-json\/wp\/v2\/product\/16573\/revisions"}],"predecessor-version":[{"id":25300,"href":"https:\/\/kornita.lt\/en\/wp-json\/wp\/v2\/product\/16573\/revisions\/25300"}],"wp:featuredmedia":[{"embeddable":true,"href":"https:\/\/kornita.lt\/en\/wp-json\/wp\/v2\/media\/15553"}],"wp:attachment":[{"href":"https:\/\/kornita.lt\/en\/wp-json\/wp\/v2\/media?parent=16573"}],"wp:term":[{"taxonomy":"product_brand","embeddable":true,"href":"https:\/\/kornita.lt\/en\/wp-json\/wp\/v2\/product_brand?post=16573"},{"taxonomy":"product_cat","embeddable":true,"href":"https:\/\/kornita.lt\/en\/wp-json\/wp\/v2\/product_cat?post=16573"},{"taxonomy":"product_tag","embeddable":true,"href":"https:\/\/kornita.lt\/en\/wp-json\/wp\/v2\/product_tag?post=16573"}],"curies":[{"name":"wp","href":"https:\/\/api.w.org\/{rel}","templated":true}]}}