{"id":16572,"date":"2024-02-07T13:22:15","date_gmt":"2024-02-07T13:22:15","guid":{"rendered":"https:\/\/kornita.webfactory.lt\/?post_type=product&#038;p=16572"},"modified":"2026-03-25T07:49:51","modified_gmt":"2026-03-25T07:49:51","slug":"soju-dribsniai-170g","status":"publish","type":"product","link":"https:\/\/kornita.lt\/en\/shop\/augaliniai-baltymai\/soju-dribsniai-170g\/","title":{"rendered":"Soj\u0173 dribsniai, 170g"},"content":{"rendered":"<p><strong>Sudedamosios dalys<\/strong>:\u00a0<strong>soj\u0173 <\/strong>pupel\u0117s<\/p>\n<p>&nbsp;<\/p>\n<blockquote class=\"wp-embedded-content\" data-secret=\"xREJ0fCdVz\"><p><a href=\"https:\/\/kornita.lt\/soja-valgyti-ar-ne-mitai-ir-faktai\/\">Soja: mitai ir faktai. Valgyti ar ne?<\/a><\/p><\/blockquote>\n<p><iframe loading=\"lazy\" class=\"wp-embedded-content\" sandbox=\"allow-scripts\" security=\"restricted\" style=\"position: absolute; visibility: hidden;\" title=\"&#8220;Soja: mitai ir faktai. Valgyti ar ne?&#8221; &#8212; kornita\" src=\"https:\/\/kornita.lt\/soja-valgyti-ar-ne-mitai-ir-faktai\/embed\/#?secret=EZbiDYEVhS#?secret=xREJ0fCdVz\" data-secret=\"xREJ0fCdVz\" width=\"500\" height=\"282\" frameborder=\"0\" marginwidth=\"0\" marginheight=\"0\" scrolling=\"no\"><\/iframe><\/p>\n","protected":false},"excerpt":{"rendered":"<p>Soj\u0173 dribsniai puikiai tinka kar\u0161tiems patiekalams, vaisi\u0173 ir dar\u017eovi\u0173 mi\u0161rainei, sald\u0117siams. Juos galima valgyti ir kaip sausus pusry\u010dius su d\u017eiovintais vaisiais, uogomis ir rie\u0161utais, pagardinant jogurtu.<\/p>\n","protected":false},"featured_media":15547,"comment_status":"open","ping_status":"closed","template":"","meta":[],"product_brand":[],"product_cat":[214,19],"product_tag":[22,23],"class_list":{"0":"post-16572","1":"product","2":"type-product","3":"status-publish","4":"has-post-thumbnail","6":"product_cat-augaliniai-baltymai","7":"product_cat-sausi-pusryciai","8":"product_tag-soja","9":"product_tag-soju-dribsniai","10":"product_shipping_class-pristatymas","12":"first","13":"instock","14":"taxable","15":"shipping-taxable","16":"purchasable","17":"product-type-simple"},"aioseo_notices":[],"aioseo_head":"\n\t\t<!-- All in One SEO Pro 4.9.5.2 - aioseo.com -->\n\t<meta name=\"description\" content=\"Soj\u0173 dribsniai puikiai tinka kar\u0161tiems patiekalams, vaisi\u0173 ir dar\u017eovi\u0173 mi\u0161rainei, sald\u0117siams. Juos galima valgyti ir kaip sausus pusry\u010dius su d\u017eiovintais vaisiais, uogomis ir rie\u0161utais, pagardinant jogurtu.\" \/>\n\t<meta name=\"robots\" content=\"max-image-preview:large\" \/>\n\t<link rel=\"canonical\" href=\"https:\/\/kornita.lt\/en\/shop\/augaliniai-baltymai\/soju-dribsniai-170g\/\" \/>\n\t<meta name=\"generator\" content=\"All in One SEO Pro (AIOSEO) 4.9.5.2\" \/>\n\t\t<meta property=\"og:locale\" content=\"en_US\" \/>\n\t\t<meta property=\"og:site_name\" content=\"kornita -\" \/>\n\t\t<meta property=\"og:type\" content=\"article\" \/>\n\t\t<meta property=\"og:title\" content=\"Soj\u0173 dribsniai, 170g - kornita\" \/>\n\t\t<meta property=\"og:description\" content=\"Soj\u0173 dribsniai puikiai tinka kar\u0161tiems patiekalams, vaisi\u0173 ir dar\u017eovi\u0173 mi\u0161rainei, sald\u0117siams. Juos galima valgyti ir kaip sausus pusry\u010dius su d\u017eiovintais vaisiais, uogomis ir rie\u0161utais, pagardinant jogurtu.\" \/>\n\t\t<meta property=\"og:url\" content=\"https:\/\/kornita.lt\/en\/shop\/augaliniai-baltymai\/soju-dribsniai-170g\/\" \/>\n\t\t<meta property=\"og:image\" content=\"https:\/\/kornita.webfactory.lt\/wp-content\/uploads\/2023\/04\/korni-el-prekyba.png\" \/>\n\t\t<meta property=\"og:image:secure_url\" content=\"https:\/\/kornita.webfactory.lt\/wp-content\/uploads\/2023\/04\/korni-el-prekyba.png\" \/>\n\t\t<meta property=\"article:published_time\" content=\"2024-02-07T13:22:15+00:00\" \/>\n\t\t<meta property=\"article:modified_time\" content=\"2026-03-25T07:49:51+00:00\" \/>\n\t\t<meta property=\"article:publisher\" content=\"https:\/\/www.facebook.com\/kornita.lt\" \/>\n\t\t<meta name=\"twitter:card\" content=\"summary_large_image\" \/>\n\t\t<meta name=\"twitter:title\" content=\"Soj\u0173 dribsniai, 170g - kornita\" \/>\n\t\t<meta name=\"twitter:description\" content=\"Soj\u0173 dribsniai puikiai tinka kar\u0161tiems patiekalams, vaisi\u0173 ir dar\u017eovi\u0173 mi\u0161rainei, sald\u0117siams. Juos galima valgyti ir kaip sausus pusry\u010dius su d\u017eiovintais vaisiais, uogomis ir rie\u0161utais, pagardinant jogurtu.\" \/>\n\t\t<meta name=\"twitter:image\" content=\"http:\/\/kornita.webfactory.lt\/wp-content\/uploads\/2023\/04\/korni-el-prekyba.png\" \/>\n\t\t<script type=\"application\/ld+json\" class=\"aioseo-schema\">\n\t\t\t{\"@context\":\"https:\\\/\\\/schema.org\",\"@graph\":[{\"@type\":\"BreadcrumbList\",\"@id\":\"https:\\\/\\\/kornita.lt\\\/en\\\/shop\\\/augaliniai-baltymai\\\/soju-dribsniai-170g\\\/#breadcrumblist\",\"itemListElement\":[{\"@type\":\"ListItem\",\"@id\":\"https:\\\/\\\/kornita.lt\\\/en\\\/#listItem\",\"position\":1,\"name\":\"Home\",\"item\":\"https:\\\/\\\/kornita.lt\\\/en\\\/\",\"nextItem\":{\"@type\":\"ListItem\",\"@id\":\"https:\\\/\\\/kornita.lt\\\/en\\\/shop-2\\\/#listItem\",\"name\":\"Shop\"}},{\"@type\":\"ListItem\",\"@id\":\"https:\\\/\\\/kornita.lt\\\/en\\\/shop-2\\\/#listItem\",\"position\":2,\"name\":\"Shop\",\"item\":\"https:\\\/\\\/kornita.lt\\\/en\\\/shop-2\\\/\",\"nextItem\":{\"@type\":\"ListItem\",\"@id\":\"https:\\\/\\\/kornita.lt\\\/en\\\/product-category\\\/sausi-pusryciai\\\/#listItem\",\"name\":\"Sausi pusry\\u010diai\"},\"previousItem\":{\"@type\":\"ListItem\",\"@id\":\"https:\\\/\\\/kornita.lt\\\/en\\\/#listItem\",\"name\":\"Home\"}},{\"@type\":\"ListItem\",\"@id\":\"https:\\\/\\\/kornita.lt\\\/en\\\/product-category\\\/sausi-pusryciai\\\/#listItem\",\"position\":3,\"name\":\"Sausi pusry\\u010diai\",\"item\":\"https:\\\/\\\/kornita.lt\\\/en\\\/product-category\\\/sausi-pusryciai\\\/\",\"nextItem\":{\"@type\":\"ListItem\",\"@id\":\"https:\\\/\\\/kornita.lt\\\/en\\\/shop\\\/augaliniai-baltymai\\\/soju-dribsniai-170g\\\/#listItem\",\"name\":\"Soj\\u0173 dribsniai, 170g\"},\"previousItem\":{\"@type\":\"ListItem\",\"@id\":\"https:\\\/\\\/kornita.lt\\\/en\\\/shop-2\\\/#listItem\",\"name\":\"Shop\"}},{\"@type\":\"ListItem\",\"@id\":\"https:\\\/\\\/kornita.lt\\\/en\\\/shop\\\/augaliniai-baltymai\\\/soju-dribsniai-170g\\\/#listItem\",\"position\":4,\"name\":\"Soj\\u0173 dribsniai, 170g\",\"previousItem\":{\"@type\":\"ListItem\",\"@id\":\"https:\\\/\\\/kornita.lt\\\/en\\\/product-category\\\/sausi-pusryciai\\\/#listItem\",\"name\":\"Sausi pusry\\u010diai\"}}]},{\"@type\":\"Organization\",\"@id\":\"https:\\\/\\\/kornita.lt\\\/en\\\/#organization\",\"name\":\"kornita\",\"url\":\"https:\\\/\\\/kornita.lt\\\/en\\\/\",\"telephone\":\"+37068581463\",\"logo\":{\"@type\":\"ImageObject\",\"url\":\"http:\\\/\\\/kornita.webfactory.lt\\\/wp-content\\\/uploads\\\/2023\\\/04\\\/korni-el-prekyba.png\",\"@id\":\"https:\\\/\\\/kornita.lt\\\/en\\\/shop\\\/augaliniai-baltymai\\\/soju-dribsniai-170g\\\/#organizationLogo\"},\"image\":{\"@id\":\"https:\\\/\\\/kornita.lt\\\/en\\\/shop\\\/augaliniai-baltymai\\\/soju-dribsniai-170g\\\/#organizationLogo\"},\"sameAs\":[\"https:\\\/\\\/www.facebook.com\\\/kornita.lt\"]},{\"@type\":\"Product\",\"@id\":\"https:\\\/\\\/kornita.lt\\\/en\\\/shop\\\/augaliniai-baltymai\\\/soju-dribsniai-170g\\\/#wooCommerceProduct\",\"name\":\"Soj\\u0173 dribsniai, 170g\",\"description\":\"Soj\\u0173 dribsniai puikiai tinka kar\\u0161tiems patiekalams, vaisi\\u0173 ir dar\\u017eovi\\u0173 mi\\u0161rainei, sald\\u0117siams. Juos galima valgyti ir kaip sausus pusry\\u010dius su d\\u017eiovintais vaisiais, uogomis ir rie\\u0161utais, pagardinant jogurtu.\",\"url\":\"https:\\\/\\\/kornita.lt\\\/en\\\/shop\\\/augaliniai-baltymai\\\/soju-dribsniai-170g\\\/\",\"sku\":\"4779018460118\",\"image\":{\"@type\":\"ImageObject\",\"url\":\"https:\\\/\\\/kornita.lt\\\/wp-content\\\/uploads\\\/2023\\\/09\\\/Soju-dribsniai-3D-1.jpg\",\"@id\":\"https:\\\/\\\/kornita.lt\\\/en\\\/shop\\\/augaliniai-baltymai\\\/soju-dribsniai-170g\\\/#productImage\",\"width\":1746,\"height\":2362},\"offers\":{\"@type\":\"Offer\",\"url\":\"https:\\\/\\\/kornita.lt\\\/en\\\/shop\\\/augaliniai-baltymai\\\/soju-dribsniai-170g\\\/#wooCommerceOffer\",\"price\":1.39,\"priceCurrency\":\"EUR\",\"category\":\"Augaliniai m\\u0117sos pakaitalai\",\"availability\":\"https:\\\/\\\/schema.org\\\/InStock\",\"priceSpecification\":{\"@type\":\"PriceSpecification\",\"price\":1.39,\"priceCurrency\":\"EUR\",\"valueAddedTaxIncluded\":\"true\"},\"seller\":{\"@type\":\"Organization\",\"@id\":\"https:\\\/\\\/kornita.lt\\\/en\\\/#organization\"}}},{\"@type\":\"WebPage\",\"@id\":\"https:\\\/\\\/kornita.lt\\\/en\\\/shop\\\/augaliniai-baltymai\\\/soju-dribsniai-170g\\\/#webpage\",\"url\":\"https:\\\/\\\/kornita.lt\\\/en\\\/shop\\\/augaliniai-baltymai\\\/soju-dribsniai-170g\\\/\",\"name\":\"Soj\\u0173 dribsniai, 170g - kornita\",\"description\":\"Soj\\u0173 dribsniai puikiai tinka kar\\u0161tiems patiekalams, vaisi\\u0173 ir dar\\u017eovi\\u0173 mi\\u0161rainei, sald\\u0117siams. Juos galima valgyti ir kaip sausus pusry\\u010dius su d\\u017eiovintais vaisiais, uogomis ir rie\\u0161utais, pagardinant jogurtu.\",\"inLanguage\":\"en-US\",\"isPartOf\":{\"@id\":\"https:\\\/\\\/kornita.lt\\\/en\\\/#website\"},\"breadcrumb\":{\"@id\":\"https:\\\/\\\/kornita.lt\\\/en\\\/shop\\\/augaliniai-baltymai\\\/soju-dribsniai-170g\\\/#breadcrumblist\"},\"image\":{\"@type\":\"ImageObject\",\"url\":\"https:\\\/\\\/kornita.lt\\\/wp-content\\\/uploads\\\/2023\\\/09\\\/Soju-dribsniai-3D-1.jpg\",\"@id\":\"https:\\\/\\\/kornita.lt\\\/en\\\/shop\\\/augaliniai-baltymai\\\/soju-dribsniai-170g\\\/#mainImage\",\"width\":1746,\"height\":2362},\"primaryImageOfPage\":{\"@id\":\"https:\\\/\\\/kornita.lt\\\/en\\\/shop\\\/augaliniai-baltymai\\\/soju-dribsniai-170g\\\/#mainImage\"},\"datePublished\":\"2024-02-07T13:22:15+00:00\",\"dateModified\":\"2026-03-25T07:49:51+00:00\"},{\"@type\":\"WebSite\",\"@id\":\"https:\\\/\\\/kornita.lt\\\/en\\\/#website\",\"url\":\"https:\\\/\\\/kornita.lt\\\/en\\\/\",\"name\":\"kornita\",\"inLanguage\":\"en-US\",\"publisher\":{\"@id\":\"https:\\\/\\\/kornita.lt\\\/en\\\/#organization\"}}]}\n\t\t<\/script>\n\t\t<!-- All in One SEO Pro -->\r\n\t\t<title>Soj\u0173 dribsniai, 170g - kornita<\/title>\n\n","aioseo_head_json":{"title":"Soj\u0173 dribsniai, 170g - kornita","description":"Soj\u0173 dribsniai puikiai tinka kar\u0161tiems patiekalams, vaisi\u0173 ir dar\u017eovi\u0173 mi\u0161rainei, sald\u0117siams. Juos galima valgyti ir kaip sausus pusry\u010dius su d\u017eiovintais vaisiais, uogomis ir rie\u0161utais, pagardinant jogurtu.","canonical_url":"https:\/\/kornita.lt\/en\/shop\/augaliniai-baltymai\/soju-dribsniai-170g\/","robots":"max-image-preview:large","keywords":"","webmasterTools":{"miscellaneous":""},"schema":{"@context":"https:\/\/schema.org","@graph":[{"@type":"BreadcrumbList","@id":"https:\/\/kornita.lt\/en\/shop\/augaliniai-baltymai\/soju-dribsniai-170g\/#breadcrumblist","itemListElement":[{"@type":"ListItem","@id":"https:\/\/kornita.lt\/en\/#listItem","position":1,"name":"Home","item":"https:\/\/kornita.lt\/en\/","nextItem":{"@type":"ListItem","@id":"https:\/\/kornita.lt\/en\/shop-2\/#listItem","name":"Shop"}},{"@type":"ListItem","@id":"https:\/\/kornita.lt\/en\/shop-2\/#listItem","position":2,"name":"Shop","item":"https:\/\/kornita.lt\/en\/shop-2\/","nextItem":{"@type":"ListItem","@id":"https:\/\/kornita.lt\/en\/product-category\/sausi-pusryciai\/#listItem","name":"Sausi pusry\u010diai"},"previousItem":{"@type":"ListItem","@id":"https:\/\/kornita.lt\/en\/#listItem","name":"Home"}},{"@type":"ListItem","@id":"https:\/\/kornita.lt\/en\/product-category\/sausi-pusryciai\/#listItem","position":3,"name":"Sausi pusry\u010diai","item":"https:\/\/kornita.lt\/en\/product-category\/sausi-pusryciai\/","nextItem":{"@type":"ListItem","@id":"https:\/\/kornita.lt\/en\/shop\/augaliniai-baltymai\/soju-dribsniai-170g\/#listItem","name":"Soj\u0173 dribsniai, 170g"},"previousItem":{"@type":"ListItem","@id":"https:\/\/kornita.lt\/en\/shop-2\/#listItem","name":"Shop"}},{"@type":"ListItem","@id":"https:\/\/kornita.lt\/en\/shop\/augaliniai-baltymai\/soju-dribsniai-170g\/#listItem","position":4,"name":"Soj\u0173 dribsniai, 170g","previousItem":{"@type":"ListItem","@id":"https:\/\/kornita.lt\/en\/product-category\/sausi-pusryciai\/#listItem","name":"Sausi pusry\u010diai"}}]},{"@type":"Organization","@id":"https:\/\/kornita.lt\/en\/#organization","name":"kornita","url":"https:\/\/kornita.lt\/en\/","telephone":"+37068581463","logo":{"@type":"ImageObject","url":"http:\/\/kornita.webfactory.lt\/wp-content\/uploads\/2023\/04\/korni-el-prekyba.png","@id":"https:\/\/kornita.lt\/en\/shop\/augaliniai-baltymai\/soju-dribsniai-170g\/#organizationLogo"},"image":{"@id":"https:\/\/kornita.lt\/en\/shop\/augaliniai-baltymai\/soju-dribsniai-170g\/#organizationLogo"},"sameAs":["https:\/\/www.facebook.com\/kornita.lt"]},{"@type":"Product","@id":"https:\/\/kornita.lt\/en\/shop\/augaliniai-baltymai\/soju-dribsniai-170g\/#wooCommerceProduct","name":"Soj\u0173 dribsniai, 170g","description":"Soj\u0173 dribsniai puikiai tinka kar\u0161tiems patiekalams, vaisi\u0173 ir dar\u017eovi\u0173 mi\u0161rainei, sald\u0117siams. Juos galima valgyti ir kaip sausus pusry\u010dius su d\u017eiovintais vaisiais, uogomis ir rie\u0161utais, pagardinant jogurtu.","url":"https:\/\/kornita.lt\/en\/shop\/augaliniai-baltymai\/soju-dribsniai-170g\/","sku":"4779018460118","image":{"@type":"ImageObject","url":"https:\/\/kornita.lt\/wp-content\/uploads\/2023\/09\/Soju-dribsniai-3D-1.jpg","@id":"https:\/\/kornita.lt\/en\/shop\/augaliniai-baltymai\/soju-dribsniai-170g\/#productImage","width":1746,"height":2362},"offers":{"@type":"Offer","url":"https:\/\/kornita.lt\/en\/shop\/augaliniai-baltymai\/soju-dribsniai-170g\/#wooCommerceOffer","price":1.39,"priceCurrency":"EUR","category":"Augaliniai m\u0117sos pakaitalai","availability":"https:\/\/schema.org\/InStock","priceSpecification":{"@type":"PriceSpecification","price":1.39,"priceCurrency":"EUR","valueAddedTaxIncluded":"true"},"seller":{"@type":"Organization","@id":"https:\/\/kornita.lt\/en\/#organization"}}},{"@type":"WebPage","@id":"https:\/\/kornita.lt\/en\/shop\/augaliniai-baltymai\/soju-dribsniai-170g\/#webpage","url":"https:\/\/kornita.lt\/en\/shop\/augaliniai-baltymai\/soju-dribsniai-170g\/","name":"Soj\u0173 dribsniai, 170g - kornita","description":"Soj\u0173 dribsniai puikiai tinka kar\u0161tiems patiekalams, vaisi\u0173 ir dar\u017eovi\u0173 mi\u0161rainei, sald\u0117siams. Juos galima valgyti ir kaip sausus pusry\u010dius su d\u017eiovintais vaisiais, uogomis ir rie\u0161utais, pagardinant jogurtu.","inLanguage":"en-US","isPartOf":{"@id":"https:\/\/kornita.lt\/en\/#website"},"breadcrumb":{"@id":"https:\/\/kornita.lt\/en\/shop\/augaliniai-baltymai\/soju-dribsniai-170g\/#breadcrumblist"},"image":{"@type":"ImageObject","url":"https:\/\/kornita.lt\/wp-content\/uploads\/2023\/09\/Soju-dribsniai-3D-1.jpg","@id":"https:\/\/kornita.lt\/en\/shop\/augaliniai-baltymai\/soju-dribsniai-170g\/#mainImage","width":1746,"height":2362},"primaryImageOfPage":{"@id":"https:\/\/kornita.lt\/en\/shop\/augaliniai-baltymai\/soju-dribsniai-170g\/#mainImage"},"datePublished":"2024-02-07T13:22:15+00:00","dateModified":"2026-03-25T07:49:51+00:00"},{"@type":"WebSite","@id":"https:\/\/kornita.lt\/en\/#website","url":"https:\/\/kornita.lt\/en\/","name":"kornita","inLanguage":"en-US","publisher":{"@id":"https:\/\/kornita.lt\/en\/#organization"}}]},"og:locale":"en_US","og:site_name":"kornita -","og:type":"article","og:title":"Soj\u0173 dribsniai, 170g - kornita","og:description":"Soj\u0173 dribsniai puikiai tinka kar\u0161tiems patiekalams, vaisi\u0173 ir dar\u017eovi\u0173 mi\u0161rainei, sald\u0117siams. Juos galima valgyti ir kaip sausus pusry\u010dius su d\u017eiovintais vaisiais, uogomis ir rie\u0161utais, pagardinant jogurtu.","og:url":"https:\/\/kornita.lt\/en\/shop\/augaliniai-baltymai\/soju-dribsniai-170g\/","og:image":"https:\/\/kornita.webfactory.lt\/wp-content\/uploads\/2023\/04\/korni-el-prekyba.png","og:image:secure_url":"https:\/\/kornita.webfactory.lt\/wp-content\/uploads\/2023\/04\/korni-el-prekyba.png","article:published_time":"2024-02-07T13:22:15+00:00","article:modified_time":"2026-03-25T07:49:51+00:00","article:publisher":"https:\/\/www.facebook.com\/kornita.lt","twitter:card":"summary_large_image","twitter:title":"Soj\u0173 dribsniai, 170g - kornita","twitter:description":"Soj\u0173 dribsniai puikiai tinka kar\u0161tiems patiekalams, vaisi\u0173 ir dar\u017eovi\u0173 mi\u0161rainei, sald\u0117siams. Juos galima valgyti ir kaip sausus pusry\u010dius su d\u017eiovintais vaisiais, uogomis ir rie\u0161utais, pagardinant jogurtu.","twitter:image":"http:\/\/kornita.webfactory.lt\/wp-content\/uploads\/2023\/04\/korni-el-prekyba.png"},"aioseo_meta_data":{"post_id":"16572","title":"#post_title #separator_sa #site_title","description":"#post_excerpt","keywords":null,"keyphrases":{"focus":{"keyphrase":"","score":0,"analysis":{"keyphraseInTitle":{"score":0,"maxScore":9,"error":1}}},"additional":[]},"primary_term":null,"canonical_url":null,"og_title":null,"og_description":null,"og_object_type":"default","og_image_type":"default","og_image_url":null,"og_image_width":null,"og_image_height":null,"og_image_custom_url":null,"og_image_custom_fields":null,"og_video":"","og_custom_url":null,"og_article_section":null,"og_article_tags":null,"twitter_use_og":false,"twitter_card":"default","twitter_image_type":"default","twitter_image_url":null,"twitter_image_custom_url":null,"twitter_image_custom_fields":null,"twitter_title":null,"twitter_description":null,"schema":{"blockGraphs":[],"customGraphs":[],"default":{"data":{"Article":[],"Course":[],"Dataset":[],"FAQPage":[],"Movie":[],"Person":[],"Product":[],"ProductReview":[],"Car":[],"Recipe":[],"Service":[],"SoftwareApplication":[],"WebPage":[]},"graphName":"ItemPage","isEnabled":true},"graphs":[]},"schema_type":"default","schema_type_options":null,"pillar_content":false,"robots_default":true,"robots_noindex":false,"robots_noarchive":false,"robots_nosnippet":false,"robots_nofollow":false,"robots_noimageindex":false,"robots_noodp":false,"robots_notranslate":false,"robots_max_snippet":"-1","robots_max_videopreview":"-1","robots_max_imagepreview":"large","priority":null,"frequency":"default","local_seo":null,"seo_analyzer_scan_date":"2026-03-25 08:25:59","breadcrumb_settings":null,"limit_modified_date":false,"open_ai":"{\"title\":{\"suggestions\":[],\"usage\":0},\"description\":{\"suggestions\":[],\"usage\":0}}","ai":null,"created":"2024-02-07 13:22:21","updated":"2026-03-25 08:26:00"},"aioseo_breadcrumb":"<div class=\"aioseo-breadcrumbs\"><span class=\"aioseo-breadcrumb\">\n\t<a href=\"https:\/\/kornita.lt\/en\/\" title=\"Home\">Home<\/a>\n<\/span><span class=\"aioseo-breadcrumb-separator\">&raquo;<\/span><span class=\"aioseo-breadcrumb\">\n\t<a href=\"https:\/\/kornita.lt\/en\/shop-2\/\" title=\"Shop\">Shop<\/a>\n<\/span><span class=\"aioseo-breadcrumb-separator\">&raquo;<\/span><span class=\"aioseo-breadcrumb\">\n\t<a href=\"https:\/\/kornita.lt\/en\/product-category\/sausi-pusryciai\/\" title=\"Sausi pusry\u010diai\">Sausi pusry\u010diai<\/a>\n<\/span><span class=\"aioseo-breadcrumb-separator\">&raquo;<\/span><span class=\"aioseo-breadcrumb\">\n\tSoj\u0173 dribsniai, 170g\n<\/span><\/div>","aioseo_breadcrumb_json":[{"label":"Home","link":"https:\/\/kornita.lt\/en\/"},{"label":"Shop","link":"https:\/\/kornita.lt\/en\/shop-2\/"},{"label":"Sausi pusry\u010diai","link":"https:\/\/kornita.lt\/en\/product-category\/sausi-pusryciai\/"},{"label":"Soj\u0173 dribsniai, 170g","link":"https:\/\/kornita.lt\/en\/shop\/augaliniai-baltymai\/soju-dribsniai-170g\/"}],"_links":{"self":[{"href":"https:\/\/kornita.lt\/en\/wp-json\/wp\/v2\/product\/16572","targetHints":{"allow":["GET"]}}],"collection":[{"href":"https:\/\/kornita.lt\/en\/wp-json\/wp\/v2\/product"}],"about":[{"href":"https:\/\/kornita.lt\/en\/wp-json\/wp\/v2\/types\/product"}],"replies":[{"embeddable":true,"href":"https:\/\/kornita.lt\/en\/wp-json\/wp\/v2\/comments?post=16572"}],"version-history":[{"count":2,"href":"https:\/\/kornita.lt\/en\/wp-json\/wp\/v2\/product\/16572\/revisions"}],"predecessor-version":[{"id":25302,"href":"https:\/\/kornita.lt\/en\/wp-json\/wp\/v2\/product\/16572\/revisions\/25302"}],"wp:featuredmedia":[{"embeddable":true,"href":"https:\/\/kornita.lt\/en\/wp-json\/wp\/v2\/media\/15547"}],"wp:attachment":[{"href":"https:\/\/kornita.lt\/en\/wp-json\/wp\/v2\/media?parent=16572"}],"wp:term":[{"taxonomy":"product_brand","embeddable":true,"href":"https:\/\/kornita.lt\/en\/wp-json\/wp\/v2\/product_brand?post=16572"},{"taxonomy":"product_cat","embeddable":true,"href":"https:\/\/kornita.lt\/en\/wp-json\/wp\/v2\/product_cat?post=16572"},{"taxonomy":"product_tag","embeddable":true,"href":"https:\/\/kornita.lt\/en\/wp-json\/wp\/v2\/product_tag?post=16572"}],"curies":[{"name":"wp","href":"https:\/\/api.w.org\/{rel}","templated":true}]}}